{"id":911,"date":"2025-06-10T11:15:04","date_gmt":"2025-06-10T03:15:04","guid":{"rendered":"https:\/\/startersites.io\/blocksy\/daily-news\/?page_id=3"},"modified":"2025-07-08T18:48:02","modified_gmt":"2025-07-08T10:48:02","slug":"privacy-policy","status":"publish","type":"page","link":"https:\/\/old.jbrplas.com\/pt\/privacy-policy\/","title":{"rendered":"Pol\u00edtica de privacidade"},"content":{"rendered":"<p>Na JBRplas, n\u00f3s levamos a sua privacidade a s\u00e9rio. Entendemos que pode ter preocupa\u00e7\u00f5es sobre como a sua Informa\u00e7\u00e3o Pessoal Identific\u00e1vel (PII) est\u00e1 a ser usada online, por isso esta Pol\u00edtica de Privacidade ir\u00e1 inform\u00e1-lo sobre os tipos de informa\u00e7\u00e3o que recolhemos e como essa informa\u00e7\u00e3o \u00e9 usada, armazenada, protegida, divulgada e transferida.<\/p>\n\n\n\n<p>Tem \u00e0 sua disposi\u00e7\u00e3o op\u00e7\u00f5es relativamente \u00e0 forma como as suas informa\u00e7\u00f5es pessoais s\u00e3o utilizadas, armazenadas ou eliminadas. Se n\u00e3o concordar com as nossas pr\u00e1ticas relativamente aos seus dados, \u00e9 aconselh\u00e1vel que se abstenha de utilizar os nossos servi\u00e7os baseados na Web ou que tome nota das seguintes condi\u00e7\u00f5es e das op\u00e7\u00f5es que lhe s\u00e3o apresentadas.<\/p>\n\n\n\n<h2 class=\"wp-block-heading\" id=\"what-information-do-we-collect\">Que informa\u00e7\u00f5es recolhemos?<\/h2>\n\n\n\n<p><strong>Informa\u00e7\u00f5es pessoais<\/strong><\/p>\n\n\n\n<p>Esta pol\u00edtica aplica-se a dois tipos distintos de informa\u00e7\u00f5es que podemos recolher de si. O primeiro tipo \u00e9 a informa\u00e7\u00e3o an\u00f3nima recolhida principalmente atrav\u00e9s da utiliza\u00e7\u00e3o de cookies (ver abaixo). Isto permite-nos controlar o tr\u00e1fego do s\u00edtio Web e compilar estat\u00edsticas gerais sobre o nosso desempenho online. Estas informa\u00e7\u00f5es n\u00e3o podem ser utilizadas para identificar qualquer indiv\u00edduo em particular e s\u00e3o regularmente eliminadas dos nossos servidores numa base cont\u00ednua de 14 meses.<\/p>\n\n\n\n<p>Dados adicionais s\u00e3o Informa\u00e7\u00f5es Pessoais Identific\u00e1veis. Isso se aplica quando voc\u00ea preenche um formul\u00e1rio, inscreve-se para receber nosso boletim informativo, responde a uma pesquisa on-line ou, de outra forma, envolve a JBRplas para fornecer um servi\u00e7o pessoal para voc\u00ea. As informa\u00e7\u00f5es que coletamos podem incluir, mas n\u00e3o est\u00e3o necessariamente limitadas a, o seguinte:<\/p>\n\n\n\n<ul class=\"wp-block-list\">\n<li>Nome<\/li>\n\n\n\n<li>Informa\u00e7\u00f5es de contacto<\/li>\n\n\n\n<li>Informa\u00e7\u00f5es sobre a empresa<\/li>\n\n\n\n<li>Informa\u00e7\u00f5es sobre o projeto<\/li>\n<\/ul>\n\n\n\n<p>Pode, a qualquer momento, recusar-se a enviar qualquer informa\u00e7\u00e3o pessoal num formul\u00e1rio online, mas tenha em aten\u00e7\u00e3o que isso pode impedi-lo de utilizar algumas sec\u00e7\u00f5es do nosso s\u00edtio Web e pode impedi-lo de pedir or\u00e7amentos e de aceder a alguns dos nossos servi\u00e7os.<\/p>\n\n\n\n<h2 class=\"wp-block-heading\" id=\"cookies\">Cookies<\/h2>\n\n\n\n<p>Alguns dos dados sobre as suas actividades em linha s\u00e3o recolhidos automaticamente atrav\u00e9s da utiliza\u00e7\u00e3o de cookies. Um cookie \u00e9 um pequeno ficheiro que cont\u00e9m uma sequ\u00eancia de caracteres que \u00e9 enviado para o seu computador a partir do s\u00edtio Web que est\u00e1 a visitar. Isto permite que o s\u00edtio Web reconhe\u00e7a o seu computador no futuro, optimizando a forma como o conte\u00fado \u00e9 fornecido de acordo com as suas prefer\u00eancias armazenadas e outras informa\u00e7\u00f5es.<\/p>\n\n\n\n<p>Os propriet\u00e1rios de um s\u00edtio Web podem utilizar\u00a0<em>cookies prim\u00e1rios<\/em>que monitorizam a sua intera\u00e7\u00e3o com o respetivo s\u00edtio. Outros fornecedores de servi\u00e7os podem utilizar o que se designa por\u00a0<em>cookies de terceiros<\/em>. Estes podem ser associados \u00e0 sua atividade na Web para efeitos de publicidade, fornecimento de conte\u00fados interactivos e an\u00e1lise com base na Internet. As partes que instalam estes cookies de terceiros podem reconhecer o seu computador quando visita o s\u00edtio Web em quest\u00e3o e tamb\u00e9m quando visita outros s\u00edtios Web. Na Star, utilizamos cookies pr\u00f3prios e de terceiros para seguir e direcionar os interesses dos visitantes do nosso s\u00edtio Web, de modo a podermos proporcionar-lhe uma boa experi\u00eancia de utilizador e fornecer-lhe conte\u00fados e informa\u00e7\u00f5es de servi\u00e7o relevantes.<\/p>\n\n\n\n<p>O Google, como fornecedor de terceiros, utiliza cookies para apresentar an\u00fancios para promover o nosso Web site e para fornecer dados anal\u00edticos. A utiliza\u00e7\u00e3o de cookies pela Google permite-lhe apresentar an\u00fancios de remarketing aos nossos utilizadores com base em visitas anteriores ao nosso site e a outros sites na Internet. A nossa utiliza\u00e7\u00e3o dos dados anal\u00edticos do Google \u00e9 an\u00f3nima e n\u00e3o pode ser utilizada para identificar um indiv\u00edduo. Leia a sec\u00e7\u00e3o abaixo sobre atualiza\u00e7\u00e3o e acesso \u00e0s suas informa\u00e7\u00f5es para ver como pode ajustar as suas defini\u00e7\u00f5es de cookies.<\/p>\n\n\n\n<h2 class=\"wp-block-heading\" id=\"when-do-we-collect-information\">Quando \u00e9 que recolhemos informa\u00e7\u00f5es?<\/h2>\n\n\n\n<p>As informa\u00e7\u00f5es an\u00f3nimas sobre a sua intera\u00e7\u00e3o com o nosso s\u00edtio Web s\u00e3o recolhidas quando aceita a utiliza\u00e7\u00e3o de cookies. Se recusar a utiliza\u00e7\u00e3o de cookies, n\u00e3o ser\u00e3o recolhidos quaisquer dados sobre a sua intera\u00e7\u00e3o com o nosso s\u00edtio.<\/p>\n\n\n\n<p>As informa\u00e7\u00f5es pessoais sobre si s\u00f3 s\u00e3o recolhidas quando preenche um formul\u00e1rio e apenas com o seu consentimento.<\/p>\n\n\n\n<h2 class=\"wp-block-heading\" id=\"how-do-we-use-your-personal-information\">Como \u00e9 que utilizamos as suas informa\u00e7\u00f5es pessoais?<\/h2>\n\n\n\n<p>Recolhemos informa\u00e7\u00f5es suas, ou sobre si, para nos permitir fazer o seguinte:<\/p>\n\n\n\n<ul class=\"wp-block-list\">\n<li>Para manter a sua conta segura<\/li>\n\n\n\n<li>Para responder melhor aos seus pedidos de servi\u00e7o ao cliente<\/li>\n\n\n\n<li>Para processar rapidamente as suas transac\u00e7\u00f5es<\/li>\n\n\n\n<li>Para fazer o seguimento da sua correspond\u00eancia (chat em direto, correio eletr\u00f3nico ou quest\u00f5es telef\u00f3nicas)<\/li>\n\n\n\n<li>Proporcionar-lhe uma experi\u00eancia online adaptada \u00e0s suas necessidades e interesses<\/li>\n\n\n\n<li>Fornecer-lhe informa\u00e7\u00f5es personalizadas sobre os nossos servi\u00e7os<\/li>\n\n\n\n<li>Fornecer-lhe informa\u00e7\u00f5es de marketing relevantes<\/li>\n\n\n\n<li>Compilar dados sobre o tr\u00e1fego e as intera\u00e7\u00f5es do site para melhorar a sua experi\u00eancia no(s) nosso(s) site(s)<\/li>\n\n\n\n<li>Tamb\u00e9m podemos utilizar servi\u00e7os de terceiros de confian\u00e7a que monitorizam estas informa\u00e7\u00f5es em nosso nome<\/li>\n<\/ul>\n\n\n\n<p>Utilizamos cookies para:<\/p>\n\n\n\n<ul class=\"wp-block-list\">\n<li>Acompanhe os an\u00fancios<\/li>\n\n\n\n<li>Compilar dados agregados sobre o tr\u00e1fego e as intera\u00e7\u00f5es do s\u00edtio, a fim de oferecer melhores experi\u00eancias e ferramentas no futuro<\/li>\n\n\n\n<li>Tamb\u00e9m podemos utilizar servi\u00e7os de terceiros de confian\u00e7a que monitorizam estas informa\u00e7\u00f5es em nosso nome.<\/li>\n<\/ul>\n\n\n\n<p>Pode optar por que o seu computador o avise sempre que um cookie estiver a ser enviado, ou pode optar por desligar todos os cookies. Pode faz\u00ea-lo atrav\u00e9s das defini\u00e7\u00f5es do seu browser. Uma vez que cada browser \u00e9 um pouco diferente, consulte o menu de ajuda do seu browser para saber como modificar as defini\u00e7\u00f5es de cookies. Se desativar os cookies, algumas das funcionalidades que tornam a sua experi\u00eancia no site mais eficiente poder\u00e3o n\u00e3o funcionar corretamente.<\/p>\n\n\n\n<h2 class=\"wp-block-heading\" id=\"how-is-this-information-shared\">Como \u00e9 que estas informa\u00e7\u00f5es s\u00e3o partilhadas?<\/h2>\n\n\n\n<p>S\u00edtios Web de terceiros<\/p>\n\n\n\n<p>O(s) nosso(s) s\u00edtio(s) Web pode(m) conter liga\u00e7\u00f5es para s\u00edtios Web de terceiros, como o Facebook, Instagram, Twitter e YouTube. Estes websites de terceiros podem recolher e transmitir informa\u00e7\u00f5es sobre si e a sua utiliza\u00e7\u00e3o dos respetivos servi\u00e7os, incluindo informa\u00e7\u00f5es que podem ser utilizadas para o identificar pessoalmente.<\/p>\n\n\n\n<p>A JBRplas n\u00e3o controla e n\u00e3o \u00e9 respons\u00e1vel pelas pr\u00e1ticas de recolha desses sites de terceiros. A sua decis\u00e3o de usar os seus servi\u00e7os \u00e9 inteiramente volunt\u00e1ria. Voc\u00ea deve garantir que est\u00e1 confort\u00e1vel com a forma como esses sites de terceiros usam e compartilham suas informa\u00e7\u00f5es, revendo suas pol\u00edticas de privacidade e \/ ou modificando suas configura\u00e7\u00f5es de privacidade diretamente nesses sites de terceiros antes de optar por usar seus servi\u00e7os.<\/p>\n\n\n\n<p>N\u00e3o vendemos, trocamos ou transferimos de outra forma para terceiros as suas Informa\u00e7\u00f5es Pessoais Identific\u00e1veis, a menos que avisemos os utilizadores com anteced\u00eancia. Isto n\u00e3o inclui parceiros de alojamento de s\u00edtios Web e outras partes que nos ajudam a operar o(s) nosso(s) s\u00edtio(s) Web, a conduzir o nosso neg\u00f3cio ou a servir os nossos utilizadores, desde que essas partes concordem em manter estas informa\u00e7\u00f5es confidenciais. N\u00e3o inclu\u00edmos nem oferecemos produtos ou servi\u00e7os de terceiros no(s) nosso(s) s\u00edtio(s) Web.<\/p>\n\n\n\n<p>Transfer\u00eancia de dados<\/p>\n\n\n\n<p>A JBRplas tem subsidi\u00e1rias e escrit\u00f3rios de vendas em pa\u00edses como Alemanha, Reino Unido, EUA, Austr\u00e1lia e Hong Kong. Para facilitar as nossas opera\u00e7\u00f5es globais, podemos partilhar ou transferir informa\u00e7\u00f5es para estes locais para lhe fornecer um servi\u00e7o de alta qualidade e apoio ao cliente. N\u00f3s tomamos as devidas precau\u00e7\u00f5es para proteger as suas informa\u00e7\u00f5es pessoais. Todo e qualquer funcion\u00e1rio da JBRplas que tenha acesso ou fa\u00e7a uso de suas informa\u00e7\u00f5es pessoais estar\u00e1 vinculado a acordos contratuais de confidencialidade e prote\u00e7\u00e3o de dados. Esta Pol\u00edtica de Privacidade aplica-se mesmo se transferirmos informa\u00e7\u00f5es pessoais para outros pa\u00edses.<\/p>\n\n\n\n<p><strong><u>Divulga\u00e7\u00e3o obrigat\u00f3ria<\/u><\/strong><\/p>\n\n\n\n<p>Reservamo-nos o direito de utilizar ou divulgar as suas informa\u00e7\u00f5es pessoais se tal for exigido por lei ou se acreditarmos razoavelmente que a utiliza\u00e7\u00e3o ou divulga\u00e7\u00e3o \u00e9 necess\u00e1ria para proteger os nossos direitos, proteger a sua seguran\u00e7a ou a seguran\u00e7a de terceiros, investigar fraudes ou cumprir uma lei, uma ordem judicial ou um processo legal.<\/p>\n\n\n\n<h2 class=\"wp-block-heading\" id=\"how-long-do-we-retain-your-information\">Durante quanto tempo conservamos as suas informa\u00e7\u00f5es?<\/h2>\n\n\n\n<p>O tempo que mantemos a informa\u00e7\u00e3o que recolhemos sobre si depende do tipo de informa\u00e7\u00e3o. Se voc\u00ea \u00e9 um cliente da JBRplas ou se voc\u00ea solicitou uma cota\u00e7\u00e3o ou informa\u00e7\u00e3o da JBRplas, n\u00f3s podemos reter suas informa\u00e7\u00f5es pessoais ou informa\u00e7\u00f5es sobre o seu projeto at\u00e9 o momento em que n\u00e3o haja nenhum neg\u00f3cio leg\u00edtimo ou raz\u00e3o legal para faz\u00ea-lo.<\/p>\n\n\n\n<p>Se desejar que os seus dados sejam eliminados antes desta data, contacte-nos atrav\u00e9s de\u00a0<a href=\"mailto:info@old.jbrplas.com\" title=\"\">info@old.jbrplas.com<\/a>\u00a0para providenciar a sua remo\u00e7\u00e3o. Responderemos ao seu pedido de altera\u00e7\u00e3o, corre\u00e7\u00e3o ou elimina\u00e7\u00e3o das suas informa\u00e7\u00f5es dentro de um prazo razo\u00e1vel e notific\u00e1-lo-emos da(s) a\u00e7\u00e3o(\u00f5es) que tivermos tomado.<\/p>\n\n\n\n<p>As informa\u00e7\u00f5es recolhidas atrav\u00e9s do uso de cookies s\u00e3o armazenadas por 14 meses e s\u00e3o mantidas an\u00f3nimas, a menos que voc\u00ea seja um cliente JBRplas ou tenha preenchido um formul\u00e1rio. A reten\u00e7\u00e3o de alguns dados pode ser necess\u00e1ria para que possamos cumprir obriga\u00e7\u00f5es legais ou gerenciar acordos com clientes de acordo com nossos termos e condi\u00e7\u00f5es.<\/p>\n\n\n\n<h2 class=\"wp-block-heading\" id=\"how-to-update-your-information\">Como atualizar as suas informa\u00e7\u00f5es<\/h2>\n\n\n\n<p>Ao enviar-nos informa\u00e7\u00e3o e\/ou ao utilizar o(s) nosso(s) website(s), est\u00e1 a dar o seu consentimento para que toda a informa\u00e7\u00e3o que submete possa ser processada pela JBRplas. Se n\u00e3o concordar com as pr\u00e1ticas de dados descritas nesta pol\u00edtica, n\u00e3o dever\u00e1 utilizar o(s) nosso(s) website(s) ou dever\u00e1 seguir as informa\u00e7\u00f5es abaixo sobre como gerir a sua privacidade.<\/p>\n\n\n\n<p>Se pretender retirar o consentimento e obter a elimina\u00e7\u00e3o dos seus dados, envie-nos um e-mail para\u00a0<a href=\"mailto:info@old.jbrplas.com\" title=\"\">info@old.jbrplas.com<\/a>\u00a0e n\u00f3s seguiremos os nossos processos para remover os seus dados. Tenha em aten\u00e7\u00e3o que poder\u00e1 n\u00e3o conseguir aceder a alguns servi\u00e7os se o consentimento for retirado. Sem informa\u00e7\u00f5es pessoais, da empresa e do projeto, n\u00e3o podemos apresentar or\u00e7amentos nem realizar servi\u00e7os de prototipagem ou fabrico em seu nome.<\/p>\n\n\n\n<p>Tem o direito de decidir se aceita ou rejeita os cookies. Pode exercer as suas prefer\u00eancias em mat\u00e9ria de cookies acedendo ao painel de controlo Defini\u00e7\u00f5es ou Prefer\u00eancias do seu navegador Web.<\/p>\n\n\n\n<p>A maioria dos navegadores de Internet est\u00e1 inicialmente configurada para aceitar automaticamente os cookies. Pode alterar as defini\u00e7\u00f5es de privacidade para bloquear os cookies ou para o alertar quando os cookies est\u00e3o a ser enviados para o seu dispositivo. A fun\u00e7\u00e3o de ajuda na maioria dos browsers cont\u00e9m instru\u00e7\u00f5es sobre como configurar o seu browser para gerir os cookies.<\/p>\n\n\n\n<p>Em qualquer correspond\u00eancia eletr\u00f3nica que enviemos, ter\u00e1 sempre a possibilidade de optar por n\u00e3o receber futuras correspond\u00eancias. Se considerar que recebeu correio por engano ou se n\u00e3o quiser continuar a receber correspond\u00eancia, envie-nos um e-mail para\u00a0<a href=\"mailto:info@old.jbrplas.com\" title=\"\">info@old.jbrplas.com<\/a>\u00a0para cancelar a subscri\u00e7\u00e3o.<\/p>\n\n\n\n<h2 class=\"wp-block-heading\" id=\"other-information-about-legal-compliance\">Outras informa\u00e7\u00f5es sobre o cumprimento da lei<\/h2>\n\n\n\n<p>A JBRplas est\u00e1 ciente de que existem diferentes leis e regulamentos sobre prote\u00e7\u00e3o de dados que podem ser aplicados nas regi\u00f5es onde fazemos neg\u00f3cios ou onde temos uma presen\u00e7a digital ativa. Em todos os casos, esfor\u00e7amo-nos para manter os mais altos padr\u00f5es de pr\u00e1ticas comerciais \u00e9ticas e trabalharemos de boa f\u00e9 para proteger o seu leg\u00edtimo direito \u00e0 privacidade.<\/p>\n\n\n\n<p>De acordo com a legisla\u00e7\u00e3o CAN-SPAM nos Estados Unidos, concordamos em:<strong>&nbsp;<\/strong><\/p>\n\n\n\n<ul class=\"wp-block-list\">\n<li>N\u00e3o utilize cabe\u00e7alhos de assunto ou endere\u00e7os de correio eletr\u00f3nico falsos ou enganadores;<\/li>\n\n\n\n<li>Identifique as mensagens publicit\u00e1rias como tal de uma forma razo\u00e1vel;<\/li>\n\n\n\n<li>Inclua o endere\u00e7o f\u00edsico da sede da sua empresa ou local;<\/li>\n\n\n\n<li>Monitorize a conformidade dos servi\u00e7os de marketing por correio eletr\u00f3nico de terceiros, quando aplic\u00e1vel;<\/li>\n\n\n\n<li>Atenda rapidamente aos pedidos de exclus\u00e3o\/anula\u00e7\u00e3o da subscri\u00e7\u00e3o;<\/li>\n\n\n\n<li>Permita que os utilizadores cancelem a subscri\u00e7\u00e3o utilizando a liga\u00e7\u00e3o na parte inferior de cada mensagem de correio eletr\u00f3nico<\/li>\n<\/ul>\n\n\n\n<h2 class=\"wp-block-heading\" id=\"age-restrictions-children-online-privacy-protection-act\">Restri\u00e7\u00f5es de idade - Lei de Prote\u00e7\u00e3o da Privacidade Online das Crian\u00e7as<\/h2>\n\n\n\n<p>No que diz respeito \u00e0 recolha de informa\u00e7\u00f5es pessoais de crian\u00e7as com menos de 13 anos de idade, a Lei de Prote\u00e7\u00e3o da Privacidade em Linha das Crian\u00e7as (COPPA) coloca os pais no controlo. A Federal Trade Commission e a United States Consumer Protection Agency aplicam a Regra COPPA, que especifica o que os operadores de s\u00edtios Web e servi\u00e7os em linha devem fazer para proteger a privacidade e a seguran\u00e7a das crian\u00e7as em linha.<\/p>\n\n\n\n<p>Pessoas menores de 18 anos (ou a idade legal na sua jurisdi\u00e7\u00e3o) n\u00e3o est\u00e3o autorizadas a usar JBRplas por conta pr\u00f3pria. JBRplas n\u00e3o recolhe intencionalmente qualquer informa\u00e7\u00e3o pessoal de crian\u00e7as com idade inferior a 13 anos e crian\u00e7as menores de 13 anos n\u00e3o est\u00e3o autorizados a registar-se para uma conta ou usar nossos servi\u00e7os. Se voc\u00ea acredita que uma crian\u00e7a nos forneceu informa\u00e7\u00f5es pessoais, por favor contacte-nos em\u00a0<a href=\"mailto:info@old.jbrplas.com\" title=\"\">info@old.jbrplas.com<\/a>. Se tivermos conhecimento de que uma crian\u00e7a com menos de 13 anos nos forneceu informa\u00e7\u00f5es de identifica\u00e7\u00e3o pessoal, apag\u00e1-las-emos imediatamente. N\u00e3o comercializamos especificamente para crian\u00e7as com menos de 13 anos de idade.<\/p>\n\n\n\n<h2 class=\"wp-block-heading\" id=\"consent-declaration\">Declara\u00e7\u00e3o de consentimento&nbsp;<\/h2>\n\n\n\n<p>A JBRplas tem o nosso\u00a0<a href=\"https:\/\/starrapid.com\/consent-declaration\/\">declara\u00e7\u00e3o de consentimento<\/a>\u00a0clique na liga\u00e7\u00e3o para ver a nossa declara\u00e7\u00e3o de consentimento para o nosso s\u00edtio Web.<\/p>\n\n\n\n<h2 class=\"wp-block-heading\" id=\"how-to-contact-us\">Como contactar-nos<\/h2>\n\n\n\n<p>Se tiver alguma d\u00favida sobre a nossa Pol\u00edtica de Privacidade ou se pretender optar por n\u00e3o receber quaisquer e-mails de marketing, pode contactar-nos atrav\u00e9s do e-mail\u00a0<a href=\"mailto:info@old.jbrplas.com\" title=\"\">info@old.jbrplas.com<\/a>\u00a0e entraremos em contacto consigo.<\/p>\n\n\n\n<p>Pode contactar-nos por escrito para:<\/p>\n\n\n\n<p>Buiding 3, Xin Gang Lian Industrial Park, Songgang Town, Bao'an District, Shenzhen City, Guangdong Province,P.R.China<\/p>\n\n\n\n<p><a href=\"https:\/\/old.jbrplas.com\/pt\/\" title=\"\">Regressar \u00e0 p\u00e1gina inicial<\/a><\/p>","protected":false},"excerpt":{"rendered":"<p>At JBRplas, we take your privacy seriously. We understand you may have concerns about how your Personally Identifiable Information (PII) is being used online, so this Privacy Policy will inform you about what kinds of information we collect and how that information is used, stored, protected, disclosed and transferred. You have choices available to you [&hellip;]<\/p>","protected":false},"author":1,"featured_media":0,"parent":0,"menu_order":0,"comment_status":"closed","ping_status":"closed","template":"","meta":{"_gspb_post_css":"","footnotes":""},"class_list":["post-911","page","type-page","status-publish","hentry"],"blocksy_meta":[],"aioseo_notices":[],"_links":{"self":[{"href":"https:\/\/old.jbrplas.com\/pt\/wp-json\/wp\/v2\/pages\/911","targetHints":{"allow":["GET"]}}],"collection":[{"href":"https:\/\/old.jbrplas.com\/pt\/wp-json\/wp\/v2\/pages"}],"about":[{"href":"https:\/\/old.jbrplas.com\/pt\/wp-json\/wp\/v2\/types\/page"}],"author":[{"embeddable":true,"href":"https:\/\/old.jbrplas.com\/pt\/wp-json\/wp\/v2\/users\/1"}],"replies":[{"embeddable":true,"href":"https:\/\/old.jbrplas.com\/pt\/wp-json\/wp\/v2\/comments?post=911"}],"version-history":[{"count":4,"href":"https:\/\/old.jbrplas.com\/pt\/wp-json\/wp\/v2\/pages\/911\/revisions"}],"predecessor-version":[{"id":1584,"href":"https:\/\/old.jbrplas.com\/pt\/wp-json\/wp\/v2\/pages\/911\/revisions\/1584"}],"wp:attachment":[{"href":"https:\/\/old.jbrplas.com\/pt\/wp-json\/wp\/v2\/media?parent=911"}],"curies":[{"name":"wp","href":"https:\/\/api.w.org\/{rel}","templated":true}]}}