{"id":911,"date":"2025-06-10T11:15:04","date_gmt":"2025-06-10T03:15:04","guid":{"rendered":"https:\/\/startersites.io\/blocksy\/daily-news\/?page_id=3"},"modified":"2025-07-08T18:48:02","modified_gmt":"2025-07-08T10:48:02","slug":"privacy-policy","status":"publish","type":"page","link":"https:\/\/old.jbrplas.com\/fr\/privacy-policy\/","title":{"rendered":"Politique de confidentialit\u00e9"},"content":{"rendered":"<p>Chez JBRplas, nous prenons votre vie priv\u00e9e au s\u00e9rieux. Nous comprenons que vous pouvez avoir des inqui\u00e9tudes sur la fa\u00e7on dont vos informations personnelles identifiables (IPI) sont utilis\u00e9es en ligne, donc cette politique de confidentialit\u00e9 vous informera sur les types d'informations que nous recueillons et comment ces informations sont utilis\u00e9es, stock\u00e9es, prot\u00e9g\u00e9es, divulgu\u00e9es et transf\u00e9r\u00e9es.<\/p>\n\n\n\n<p>Vous avez le choix en ce qui concerne l'utilisation, le stockage ou la suppression de vos IIP. Si vous n'\u00eates pas d'accord avec nos pratiques concernant vos donn\u00e9es, nous vous conseillons de vous abstenir d'utiliser nos services en ligne ou de prendre note des conditions suivantes et des options qu'elles vous offrent.<\/p>\n\n\n\n<h2 class=\"wp-block-heading\" id=\"what-information-do-we-collect\">Quelles sont les informations que nous recueillons ?<\/h2>\n\n\n\n<p><strong>Informations personnelles<\/strong><\/p>\n\n\n\n<p>Cette politique s'applique \u00e0 deux types distincts d'informations que nous pouvons recueillir aupr\u00e8s de vous. Le premier type est constitu\u00e9 d'informations anonymes principalement collect\u00e9es par le biais de cookies (voir ci-dessous). Cela nous permet de suivre le trafic sur le site web et de compiler des statistiques g\u00e9n\u00e9rales sur nos performances en ligne. Ces informations ne peuvent pas \u00eatre utilis\u00e9es pour identifier une personne en particulier et sont syst\u00e9matiquement supprim\u00e9es de nos serveurs tous les 14 mois.<\/p>\n\n\n\n<p>Les donn\u00e9es suppl\u00e9mentaires sont des informations personnellement identifiables. Cela s'applique lorsque vous remplissez un formulaire, que vous vous inscrivez pour recevoir notre bulletin d'information, que vous r\u00e9pondez \u00e0 une enqu\u00eate en ligne ou que vous demandez \u00e0 JBRplas de vous fournir un service personnel. Les informations que nous recueillons peuvent inclure, mais ne sont pas n\u00e9cessairement limit\u00e9es \u00e0 ce qui suit :<\/p>\n\n\n\n<ul class=\"wp-block-list\">\n<li>Nom<\/li>\n\n\n\n<li>Informations sur le contact<\/li>\n\n\n\n<li>Informations sur l'entreprise<\/li>\n\n\n\n<li>Informations sur le projet<\/li>\n<\/ul>\n\n\n\n<p>Vous pouvez \u00e0 tout moment refuser de soumettre des informations personnelles dans un formulaire en ligne, mais veuillez noter que cela peut vous emp\u00eacher d'utiliser certaines sections de notre site web, de demander des devis et d'acc\u00e9der \u00e0 certains de nos services.<\/p>\n\n\n\n<h2 class=\"wp-block-heading\" id=\"cookies\">Cookies<\/h2>\n\n\n\n<p>Certaines donn\u00e9es relatives \u00e0 vos activit\u00e9s en ligne sont automatiquement collect\u00e9es \u00e0 l'aide de cookies. Un cookie est un petit fichier contenant une cha\u00eene de caract\u00e8res qui est envoy\u00e9 \u00e0 votre ordinateur par le site web que vous visitez. Cela permet au site web de reconna\u00eetre votre ordinateur \u00e0 l'avenir et d'optimiser la mani\u00e8re dont le contenu est fourni en fonction de vos pr\u00e9f\u00e9rences enregistr\u00e9es et d'autres informations.<\/p>\n\n\n\n<p>Les propri\u00e9taires d'un site web peuvent utiliser\u00a0<em>cookies de premi\u00e8re partie<\/em>qui suivent votre interaction avec leur site. D'autres fournisseurs de services peuvent utiliser ce que l'on appelle des\u00a0<em>les cookies de tiers<\/em>. Ils peuvent \u00eatre li\u00e9s \u00e0 votre activit\u00e9 sur le web \u00e0 des fins de publicit\u00e9, de fourniture de contenu interactif et d'analyse du r\u00e9seau. Les parties qui installent ces cookies tiers peuvent reconna\u00eetre votre ordinateur lorsqu'il visite le site web en question, mais aussi lorsqu'il visite d'autres sites web. Chez Star, nous utilisons des cookies de premi\u00e8re et de tierce parties pour suivre et cibler les int\u00e9r\u00eats des visiteurs de notre site web afin de vous offrir une bonne exp\u00e9rience utilisateur et de vous fournir un contenu et des informations de service pertinents.<\/p>\n\n\n\n<p>Google, en tant que fournisseur tiers, utilise des cookies pour diffuser des annonces afin de promouvoir notre site et de fournir des donn\u00e9es analytiques. L'utilisation de cookies par Google lui permet de diffuser des annonces de re-marketing \u00e0 nos utilisateurs en fonction de leurs pr\u00e9c\u00e9dentes visites sur notre site et sur d'autres sites Internet. Notre utilisation des donn\u00e9es d'analyse de Google est anonyme et ne permet pas d'identifier un individu. Lisez la section ci-dessous sur la mise \u00e0 jour et l'acc\u00e8s \u00e0 vos informations pour savoir comment vous pouvez ajuster vos param\u00e8tres de cookies.<\/p>\n\n\n\n<h2 class=\"wp-block-heading\" id=\"when-do-we-collect-information\">Quand recueillons-nous des informations ?<\/h2>\n\n\n\n<p>Des informations anonymes sur votre interaction avec notre site web sont collect\u00e9es lorsque vous acceptez l'utilisation de cookies. Si vous refusez l'utilisation de cookies, aucune donn\u00e9e concernant votre interaction avec notre site ne sera collect\u00e9e.<\/p>\n\n\n\n<p>Les informations personnelles vous concernant ne sont collect\u00e9es que lorsque vous remplissez un formulaire et uniquement avec votre consentement.<\/p>\n\n\n\n<h2 class=\"wp-block-heading\" id=\"how-do-we-use-your-personal-information\">Comment utilisons-nous vos informations personnelles ?<\/h2>\n\n\n\n<p>Nous recueillons des informations aupr\u00e8s de vous, ou \u00e0 votre sujet, pour nous permettre de faire ce qui suit :<\/p>\n\n\n\n<ul class=\"wp-block-list\">\n<li>Pour assurer la s\u00e9curit\u00e9 de votre compte<\/li>\n\n\n\n<li>Pour mieux r\u00e9pondre \u00e0 vos demandes de service \u00e0 la client\u00e8le<\/li>\n\n\n\n<li>Pour traiter rapidement vos transactions<\/li>\n\n\n\n<li>Pour assurer un suivi avec vous apr\u00e8s une correspondance (chat en direct, demandes par courriel ou par t\u00e9l\u00e9phone)<\/li>\n\n\n\n<li>vous offrir une exp\u00e9rience en ligne adapt\u00e9e \u00e0 vos besoins et \u00e0 vos int\u00e9r\u00eats<\/li>\n\n\n\n<li>vous fournir des informations personnalis\u00e9es sur nos services<\/li>\n\n\n\n<li>vous fournir des informations commerciales pertinentes<\/li>\n\n\n\n<li>Compiler des donn\u00e9es sur le trafic et les interactions sur le site afin d'am\u00e9liorer votre exp\u00e9rience sur notre (nos) site(s) web.<\/li>\n\n\n\n<li>Nous pouvons \u00e9galement faire appel \u00e0 des services tiers de confiance qui tracent ces informations en notre nom<\/li>\n<\/ul>\n\n\n\n<p>Nous utilisons des cookies pour :<\/p>\n\n\n\n<ul class=\"wp-block-list\">\n<li>Suivre les publicit\u00e9s<\/li>\n\n\n\n<li>Compiler des donn\u00e9es globales sur le trafic et les interactions sur le site afin d'offrir de meilleures exp\u00e9riences et de meilleurs outils \u00e0 l'avenir.<\/li>\n\n\n\n<li>Nous pouvons \u00e9galement utiliser des services de tiers de confiance qui suivent ces informations en notre nom.<\/li>\n<\/ul>\n\n\n\n<p>Vous pouvez choisir que votre ordinateur vous avertisse chaque fois qu'un cookie est envoy\u00e9, ou vous pouvez choisir de d\u00e9sactiver tous les cookies. Pour ce faire, vous devez utiliser les param\u00e8tres de votre navigateur. Chaque navigateur \u00e9tant l\u00e9g\u00e8rement diff\u00e9rent, consultez le menu d'aide de votre navigateur pour savoir comment modifier vos param\u00e8tres en mati\u00e8re de cookies. Si vous d\u00e9sactivez les cookies, certaines des fonctions qui rendent votre exp\u00e9rience du site plus efficace risquent de ne pas fonctionner correctement.<\/p>\n\n\n\n<h2 class=\"wp-block-heading\" id=\"how-is-this-information-shared\">Comment ces informations sont-elles partag\u00e9es ?<\/h2>\n\n\n\n<p>Sites web de tiers<\/p>\n\n\n\n<p>Notre ou nos sites web peuvent contenir des liens vers des sites web de tiers tels que Facebook, Instagram, Twitter et YouTube. Ces sites web tiers peuvent collecter et transmettre des informations sur vous et votre utilisation de leurs services, y compris des informations qui peuvent \u00eatre utilis\u00e9es pour vous identifier personnellement.<\/p>\n\n\n\n<p>JBRplas ne contr\u00f4le pas et n'est pas responsable des pratiques de collecte de ces sites web tiers. Votre d\u00e9cision d'utiliser leurs services est enti\u00e8rement volontaire. Vous devez vous assurer que vous \u00eates \u00e0 l'aise avec la fa\u00e7on dont ces sites Web tiers utilisent et partagent vos informations en examinant leurs politiques de confidentialit\u00e9 et\/ou en modifiant vos param\u00e8tres de confidentialit\u00e9 directement sur ces sites Web tiers avant de choisir d'utiliser leurs services.<\/p>\n\n\n\n<p>Nous ne vendons pas, n'\u00e9changeons pas et ne transf\u00e9rons pas de quelque mani\u00e8re que ce soit \u00e0 des tiers vos informations personnellement identifiables, sauf si nous en informons les utilisateurs \u00e0 l'avance. Cela n'inclut pas les partenaires d'h\u00e9bergement de sites web et les autres parties qui nous aident \u00e0 exploiter notre (nos) site(s) web, \u00e0 mener nos activit\u00e9s ou \u00e0 servir nos utilisateurs, pour autant que ces parties acceptent de garder ces informations confidentielles. Nous n'incluons ni ne proposons de produits ou de services de tiers sur notre (nos) site(s) web.<\/p>\n\n\n\n<p>Transfert de donn\u00e9es<\/p>\n\n\n\n<p>JBRplas poss\u00e8de des filiales et des bureaux de vente dans des pays tels que l'Allemagne, le Royaume-Uni, les \u00c9tats-Unis, l'Australie et Hong Kong. Pour faciliter nos op\u00e9rations mondiales, nous pouvons partager ou transf\u00e9rer des informations \u00e0 ces endroits afin de vous fournir un service de haute qualit\u00e9 et une assistance \u00e0 la client\u00e8le. Nous avons pris des mesures de s\u00e9curit\u00e9 appropri\u00e9es pour prot\u00e9ger vos informations personnelles. Tout le personnel de JBRplas qui a acc\u00e8s \u00e0 vos informations personnelles ou qui les utilise sera li\u00e9 par des accords contractuels de confidentialit\u00e9 et de protection des donn\u00e9es. Cette politique de confidentialit\u00e9 s'applique m\u00eame si nous transf\u00e9rons des informations personnelles vers d'autres pays.<\/p>\n\n\n\n<p><strong><u>Divulgation obligatoire<\/u><\/strong><\/p>\n\n\n\n<p>Nous nous r\u00e9servons le droit d'utiliser ou de divulguer vos informations personnelles si la loi l'exige ou si nous estimons raisonnablement que l'utilisation ou la divulgation est n\u00e9cessaire pour prot\u00e9ger nos droits, votre s\u00e9curit\u00e9 ou celle d'autrui, enqu\u00eater sur des fraudes ou nous conformer \u00e0 une loi, \u00e0 une d\u00e9cision de justice ou \u00e0 une proc\u00e9dure judiciaire.<\/p>\n\n\n\n<h2 class=\"wp-block-heading\" id=\"how-long-do-we-retain-your-information\">Combien de temps conservons-nous vos informations ?<\/h2>\n\n\n\n<p>La dur\u00e9e de conservation des informations que nous recueillons sur vous d\u00e9pend du type d'information. Si vous \u00eates un client de JBRplas ou si vous avez demand\u00e9 un devis ou des informations \u00e0 JBRplas, nous pouvons conserver vos informations personnelles ou des informations sur votre projet jusqu'\u00e0 ce qu'il n'y ait plus de raison commerciale ou l\u00e9gale l\u00e9gitime de le faire.<\/p>\n\n\n\n<p>Si vous souhaitez que vos donn\u00e9es soient effac\u00e9es avant cette date, veuillez nous contacter \u00e0 l'adresse suivante\u00a0<a href=\"mailto:info@old.jbrplas.com\" title=\"\">info@old.jbrplas.com<\/a>\u00a0prendre des dispositions en vue de leur suppression. Nous r\u00e9pondrons \u00e0 votre demande de modification, de correction ou de suppression de vos informations dans un d\u00e9lai raisonnable et vous informerons des mesures que nous avons prises.<\/p>\n\n\n\n<p>Les informations collect\u00e9es par le biais des cookies sont stock\u00e9es pendant 14 mois et restent anonymes \u00e0 moins que vous ne soyez un client de JBRplas ou que vous n'ayez rempli un formulaire. La conservation de certaines donn\u00e9es peut \u00eatre n\u00e9cessaire pour nous permettre de respecter les obligations l\u00e9gales ou de g\u00e9rer les accords avec les clients conform\u00e9ment \u00e0 nos conditions g\u00e9n\u00e9rales.<\/p>\n\n\n\n<h2 class=\"wp-block-heading\" id=\"how-to-update-your-information\">Comment mettre \u00e0 jour vos informations<\/h2>\n\n\n\n<p>En nous soumettant des informations et\/ou en utilisant notre (nos) site(s) web, vous donnez votre accord pour que toutes les informations que vous soumettez puissent \u00eatre trait\u00e9es par JBRplas. Si vous n'\u00eates pas d'accord avec les pratiques de traitement des donn\u00e9es d\u00e9crites dans cette politique, vous ne devez pas utiliser notre (nos) site(s) web ou vous devez suivre les informations ci-dessous sur la fa\u00e7on de g\u00e9rer votre vie priv\u00e9e.<\/p>\n\n\n\n<p>Si vous souhaitez retirer votre consentement et faire effacer vos donn\u00e9es, veuillez nous envoyer un courriel \u00e0 l'adresse suivante\u00a0<a href=\"mailto:info@old.jbrplas.com\" title=\"\">info@old.jbrplas.com<\/a>\u00a0et nous suivrons nos proc\u00e9dures pour supprimer vos donn\u00e9es. Veuillez noter qu'il se peut que vous ne puissiez pas acc\u00e9der \u00e0 certains services si le consentement est retir\u00e9. Sans informations personnelles, sur l'entreprise et sur le projet, nous ne pouvons pas \u00e9tablir de devis ni r\u00e9aliser des services de prototypage ou de fabrication en votre nom.<\/p>\n\n\n\n<p>Vous avez le droit d'accepter ou de refuser les cookies. Vous pouvez exercer vos pr\u00e9f\u00e9rences en mati\u00e8re de cookies en acc\u00e9dant au panneau de configuration des param\u00e8tres ou des pr\u00e9f\u00e9rences de votre navigateur web.<\/p>\n\n\n\n<p>La plupart des navigateurs internet sont initialement configur\u00e9s pour accepter automatiquement les cookies. Vous pouvez modifier les param\u00e8tres de confidentialit\u00e9 pour bloquer les cookies ou vous alerter lorsque des cookies sont envoy\u00e9s \u00e0 votre appareil. La fonction d'aide de la plupart des navigateurs contient des instructions sur la mani\u00e8re de configurer votre navigateur pour g\u00e9rer les cookies.<\/p>\n\n\n\n<p>Pour toute correspondance \u00e9lectronique que nous envoyons, vous aurez toujours la possibilit\u00e9 de vous d\u00e9sinscrire des futurs envois. Si vous estimez avoir re\u00e7u du courrier par erreur ou si vous ne souhaitez plus recevoir de correspondance, envoyez-nous un courriel \u00e0 l'adresse suivante\u00a0<a href=\"mailto:info@old.jbrplas.com\" title=\"\">info@old.jbrplas.com<\/a>\u00a0pour vous d\u00e9sinscrire.<\/p>\n\n\n\n<h2 class=\"wp-block-heading\" id=\"other-information-about-legal-compliance\">Autres informations sur la conformit\u00e9 juridique<\/h2>\n\n\n\n<p>JBRplas est conscient qu'il existe diff\u00e9rentes lois et r\u00e9glementations sur la protection des donn\u00e9es qui peuvent s'appliquer dans les r\u00e9gions o\u00f9 nous faisons des affaires ou o\u00f9 nous avons une pr\u00e9sence num\u00e9rique active. Dans tous les cas, nous nous effor\u00e7ons de respecter les normes les plus \u00e9lev\u00e9es en mati\u00e8re de pratiques commerciales \u00e9thiques et nous travaillerons de bonne foi pour prot\u00e9ger votre droit l\u00e9gitime \u00e0 la vie priv\u00e9e.<\/p>\n\n\n\n<p>Conform\u00e9ment \u00e0 la l\u00e9gislation CAN-SPAM en vigueur aux \u00c9tats-Unis, nous acceptons de :<strong>&nbsp;<\/strong><\/p>\n\n\n\n<ul class=\"wp-block-list\">\n<li>Ne pas utiliser d'en-t\u00eates ou d'adresses \u00e9lectroniques fausses ou trompeuses ;<\/li>\n\n\n\n<li>Identifier de mani\u00e8re raisonnable les messages publicitaires en tant que tels ;<\/li>\n\n\n\n<li>Indiquez l'adresse physique du si\u00e8ge de notre entreprise ou de notre site ;<\/li>\n\n\n\n<li>Contr\u00f4ler la conformit\u00e9 des services de marketing par courrier \u00e9lectronique de tiers, le cas \u00e9ch\u00e9ant ;<\/li>\n\n\n\n<li>Honorez rapidement les demandes de retrait ou de d\u00e9sabonnement ;<\/li>\n\n\n\n<li>Permettre aux utilisateurs de se d\u00e9sinscrire en utilisant le lien situ\u00e9 au bas de chaque e-mail.<\/li>\n<\/ul>\n\n\n\n<h2 class=\"wp-block-heading\" id=\"age-restrictions-children-online-privacy-protection-act\">Restrictions d'\u00e2ge - Children Online Privacy Protection Act (loi sur la protection de la vie priv\u00e9e des enfants en ligne)<\/h2>\n\n\n\n<p>En ce qui concerne la collecte d'informations personnelles aupr\u00e8s d'enfants de moins de 13 ans, la loi sur la protection de la vie priv\u00e9e des enfants en ligne (Children's Online Privacy Protection Act - COPPA) permet aux parents de contr\u00f4ler la situation. La Commission f\u00e9d\u00e9rale du commerce et l'Agence am\u00e9ricaine de protection des consommateurs veillent \u00e0 l'application de la r\u00e8gle COPPA, qui pr\u00e9cise ce que les exploitants de sites web et de services en ligne doivent faire pour prot\u00e9ger la vie priv\u00e9e et la s\u00e9curit\u00e9 des enfants en ligne.<\/p>\n\n\n\n<p>Les personnes de moins de 18 ans (ou l'\u00e2ge l\u00e9gal dans votre juridiction) ne sont pas autoris\u00e9es \u00e0 utiliser JBRplas seules. JBRplas ne recueille pas sciemment des informations personnelles d'enfants de moins de 13 ans et les enfants de moins de 13 ans ne sont pas autoris\u00e9s \u00e0 ouvrir un compte ou \u00e0 utiliser nos services. Si vous pensez qu'un enfant nous a fourni des informations personnelles, veuillez nous contacter \u00e0 l'adresse suivante\u00a0<a href=\"mailto:info@old.jbrplas.com\" title=\"\">info@old.jbrplas.com<\/a>. Si nous apprenons qu'un enfant de moins de 13 ans nous a fourni des informations personnellement identifiables, nous les supprimerons imm\u00e9diatement. Nous ne nous adressons pas sp\u00e9cifiquement aux enfants de moins de 13 ans.<\/p>\n\n\n\n<h2 class=\"wp-block-heading\" id=\"consent-declaration\">D\u00e9claration de consentement&nbsp;<\/h2>\n\n\n\n<p>JBRplas a notre\u00a0<a href=\"https:\/\/starrapid.com\/consent-declaration\/\">d\u00e9claration de consentement<\/a>\u00a0cliquez sur le lien pour consulter notre d\u00e9claration de consentement pour notre site web.<\/p>\n\n\n\n<h2 class=\"wp-block-heading\" id=\"how-to-contact-us\">Comment nous contacter<\/h2>\n\n\n\n<p>Si vous avez des questions concernant notre politique de protection de la vie priv\u00e9e ou si vous souhaitez ne plus recevoir de courriels de marketing, vous pouvez nous contacter par courrier \u00e9lectronique \u00e0 l'adresse suivante\u00a0<a href=\"mailto:info@old.jbrplas.com\" title=\"\">info@old.jbrplas.com<\/a>\u00a0et nous vous r\u00e9pondrons.<\/p>\n\n\n\n<p>Vous pouvez nous contacter par \u00e9crit \u00e0 l'adresse suivante<\/p>\n\n\n\n<p>Buiding 3, Xin Gang Lian Industrial Park, Songgang Town, Bao'an District, Shenzhen City, Guangdong Province,P.R.China<\/p>\n\n\n\n<p><a href=\"https:\/\/old.jbrplas.com\/fr\/\" title=\"\">Retour \u00e0 la page d'accueil<\/a><\/p>","protected":false},"excerpt":{"rendered":"<p>At JBRplas, we take your privacy seriously. We understand you may have concerns about how your Personally Identifiable Information (PII) is being used online, so this Privacy Policy will inform you about what kinds of information we collect and how that information is used, stored, protected, disclosed and transferred. You have choices available to you [&hellip;]<\/p>","protected":false},"author":1,"featured_media":0,"parent":0,"menu_order":0,"comment_status":"closed","ping_status":"closed","template":"","meta":{"_gspb_post_css":"","footnotes":""},"class_list":["post-911","page","type-page","status-publish","hentry"],"blocksy_meta":[],"aioseo_notices":[],"_links":{"self":[{"href":"https:\/\/old.jbrplas.com\/fr\/wp-json\/wp\/v2\/pages\/911","targetHints":{"allow":["GET"]}}],"collection":[{"href":"https:\/\/old.jbrplas.com\/fr\/wp-json\/wp\/v2\/pages"}],"about":[{"href":"https:\/\/old.jbrplas.com\/fr\/wp-json\/wp\/v2\/types\/page"}],"author":[{"embeddable":true,"href":"https:\/\/old.jbrplas.com\/fr\/wp-json\/wp\/v2\/users\/1"}],"replies":[{"embeddable":true,"href":"https:\/\/old.jbrplas.com\/fr\/wp-json\/wp\/v2\/comments?post=911"}],"version-history":[{"count":4,"href":"https:\/\/old.jbrplas.com\/fr\/wp-json\/wp\/v2\/pages\/911\/revisions"}],"predecessor-version":[{"id":1584,"href":"https:\/\/old.jbrplas.com\/fr\/wp-json\/wp\/v2\/pages\/911\/revisions\/1584"}],"wp:attachment":[{"href":"https:\/\/old.jbrplas.com\/fr\/wp-json\/wp\/v2\/media?parent=911"}],"curies":[{"name":"wp","href":"https:\/\/api.w.org\/{rel}","templated":true}]}}