{"id":1474,"date":"2025-06-30T16:44:42","date_gmt":"2025-06-30T08:44:42","guid":{"rendered":"https:\/\/old.jbrplas.com\/?page_id=1474"},"modified":"2025-08-19T14:59:18","modified_gmt":"2025-08-19T06:59:18","slug":"plastic-injection-molding-service","status":"publish","type":"page","link":"https:\/\/old.jbrplas.com\/es\/plastic-injection-molding-service\/","title":{"rendered":"Servicio de moldeo por inyecci\u00f3n de pl\u00e1sticos"},"content":{"rendered":"<div class=\"wp-block-greenshift-blocks-row gspb_row gspb_row-id-gsbp-48f70a6\" id=\"gspb_row-id-gsbp-48f70a6\"><div class=\"gspb_row__content\"> \n<div class=\"wp-block-greenshift-blocks-row-column gspb_row__col--12 gspb_col-id-gsbp-22b998d\" id=\"gspb_col-id-gsbp-22b998d\">\n<h2 class=\"wp-block-heading has-text-align-center\" id=\"plastic-injection-molding-service\">Servicio de moldeo por inyecci\u00f3n de pl\u00e1sticos<\/h2>\n\n\n\n<p class=\"has-text-align-center\"><strong>Fabricante integral de piezas moldeadas por inyecci\u00f3n de pl\u00e1stico<\/strong><\/p>\n\n\n\n<p class=\"has-text-align-center\">30 m\u00e1quinas haitianas (100-470T), control de tolerancia de \u00b10,1 mm, producci\u00f3n en 2 semanas. Especializada en carcasas electr\u00f3nicas y piezas estructurales. MOQ 1.000pcs, servicios IMD\/l\u00e1ser\/texturizado. Certificado ISO 9001.<\/p>\n\n\n\n<div class=\"wp-block-buttons is-content-justification-center is-layout-flex wp-container-core-buttons-is-layout-1 wp-block-buttons-is-layout-flex\">\n<div class=\"wp-block-button\"><a class=\"wp-block-button__link has-text-align-center wp-element-button\" href=\"https:\/\/old.jbrplas.com\/es\/get-quote\/\">Obtenga un presupuesto<\/a><\/div>\n<\/div>\n<\/div>\n <\/div><\/div>\n\n\n\n<div class=\"wp-block-greenshift-blocks-row alignfull gspb_row gspb_row-id-gsbp-7f81b7c3-ba5b gspb_row--gutter-custom-0\" id=\"gspb_row-id-gsbp-7f81b7c3-ba5b\"><div class=\"gspb_row__content\"> \n<div class=\"wp-block-greenshift-blocks-row-column gspb_row__col--3 gspb_row__col--md-12 gspb_col-id-gsbp-3ceef380-e111\" id=\"gspb_col-id-gsbp-3ceef380-e111\">\n<div class=\"wp-block-greenshift-blocks-image gspb_image gspb_image-id-gsbp-047ffbbe-bf77\" id=\"gspb_image-id-gsbp-047ffbbe-bf77\"><img decoding=\"async\" src=\"https:\/\/old.jbrplas.com\/wp-content\/uploads\/2025\/04\/jbrplas-molding.webp\" data-src=\"\" alt=\"JBRplas-injection-molding\" loading=\"lazy\" width=\"100%\" height=\"900\"\/><\/div>\n<\/div>\n\n\n\n<div class=\"wp-block-greenshift-blocks-row-column gspb_row__col--9 gspb_row__col--md-12 gspb_col-id-gsbp-5ac62a79-4923\" id=\"gspb_col-id-gsbp-5ac62a79-4923\">\n<h2 id=\"gspb_heading-id-gsbp-74909e3\" class=\"gspb_heading gspb_heading-id-gsbp-74909e3\">Competencias b\u00e1sicas<\/h2>\n\n\n\n<ul class=\"wp-block-list\">\n<li class=\"has-palette-color-10-color has-text-color has-link-color wp-elements-2c04dc940d6e24c82f0b68d22870a05e\"><strong>Destacamos en<\/strong>\n<ul class=\"wp-block-list\">\n<li>Carcasas electr\u00f3nicas (dispositivos inteligentes, equipos de carga)<\/li>\n\n\n\n<li>Componentes estructurales port\u00e1tiles (tolerancia de \u00b10,1 mm)<\/li>\n\n\n\n<li>Piezas transparentes no \u00f3pticas<\/li>\n\n\n\n<li>IMD\/grabado l\u00e1ser\/soldadura ultras\u00f3nica<\/li>\n<\/ul>\n<\/li>\n\n\n\n<li class=\"has-palette-color-10-color has-text-color has-link-color wp-elements-3f149609b82d6056f0953c83305140f6\"><strong>No es nuestra especialidad<\/strong>\n<ul class=\"wp-block-list\">\n<li>Moldeo m\u00e9dico (sin certificaci\u00f3n ISO 13485)<\/li>\n\n\n\n<li>Lentes \u00f3pticas\/Piezas de ultraprecisi\u00f3n<\/li>\n<\/ul>\n<\/li>\n<\/ul>\n<\/div>\n <\/div><\/div>\n\n\n\n<div class=\"wp-block-group is-layout-constrained wp-block-group-is-layout-constrained\" style=\"padding-top:80px\">\n<h2 id=\"gspb_heading-id-gsbp-4b5ac18\" class=\"gspb_heading gspb_heading-id-gsbp-4b5ac18\">Cuatro sencillos pasos<\/h2>\n\n\n\n<div id=\"gspb_text-id-gsbp-f578991\" class=\"gspb_text gspb_text-id-gsbp-f578991\">Prototipos y piezas a medida entregados a tiempo con cuatro sencillos pasos<\/div>\n\n\n\n<div class=\"wp-block-greenshift-blocks-row gspb_row gspb_row-id-gsbp-89ee519\" id=\"gspb_row-id-gsbp-89ee519\"><div class=\"gspb_row__content\"> \n<div class=\"wp-block-greenshift-blocks-row-column gspb_row__col--3 gspb_col-id-gsbp-d4266e6\" id=\"gspb_col-id-gsbp-d4266e6\">\n<p style=\"font-size:clamp(14px, 0.875rem + ((1vw - 3.2px) * 0.313), 18px);font-style:normal;font-weight:1000\">Paso 1: Enviar archivo 3D o muestras<\/p>\n\n\n\n<p>JBRplas acepta estos tipos de archivos:<\/p>\n\n\n\n<ul class=\"wp-block-list\">\n<li>STEP (stp)<\/li>\n\n\n\n<li>Paras\u00f3lido (x_t)<\/li>\n<\/ul>\n\n\n\n<p>Tambi\u00e9n puede enviarnos sus muestras.<\/p>\n<\/div>\n\n\n\n<div class=\"wp-block-greenshift-blocks-row-column gspb_row__col--3 gspb_col-id-gsbp-891e158\" id=\"gspb_col-id-gsbp-891e158\">\n<p style=\"font-size:clamp(14px, 0.875rem + ((1vw - 3.2px) * 0.313), 18px);font-style:normal;font-weight:1000\">Paso 2: Recibir el an\u00e1lisis de fabricaci\u00f3n y el presupuesto<\/p>\n\n\n\n<p>Una vez recibidos sus archivos o muestras. Le enviaremos el dise\u00f1o para la fabricaci\u00f3n (DFM) y el presupuesto.<\/p>\n<\/div>\n\n\n\n<div class=\"wp-block-greenshift-blocks-row-column gspb_row__col--3 gspb_col-id-gsbp-ed43719\" id=\"gspb_col-id-gsbp-ed43719\">\n<p style=\"font-size:clamp(14px, 0.875rem + ((1vw - 3.2px) * 0.313), 18px);font-style:normal;font-weight:1000\">Paso 3: Su proyecto consigue la fabricaci\u00f3n<\/p>\n\n\n\n<p>Confirme el pedido y comience a fabricar:<\/p>\n\n\n\n<ul class=\"wp-block-list\">\n<li>Mecanizado CNC<\/li>\n\n\n\n<li>Fabricaci\u00f3n de moldes<\/li>\n\n\n\n<li>Moldeo por inyecci\u00f3n<\/li>\n<\/ul>\n<\/div>\n\n\n\n<div class=\"wp-block-greenshift-blocks-row-column gspb_row__col--3 gspb_col-id-gsbp-3bf2f0d\" id=\"gspb_col-id-gsbp-3bf2f0d\">\n<p style=\"font-size:clamp(14px, 0.875rem + ((1vw - 3.2px) * 0.313), 18px);font-style:normal;font-weight:1000\">Paso 4: Su proyecto consigue la fabricaci\u00f3n<\/p>\n\n\n\n<p>Tras el control y la garant\u00eda de calidad, sus productos est\u00e1n listos para ser enviados:<\/p>\n\n\n\n<p>FedEx, UPS, DHL, TNT, por mar, o puede pedir a su propio transitario que recoja la mercanc\u00eda.<\/p>\n<\/div>\n <\/div><\/div>\n\n\n\n<div class=\"wp-block-buttons is-content-justification-center is-layout-flex wp-container-core-buttons-is-layout-2 wp-block-buttons-is-layout-flex\">\n<div class=\"wp-block-button\"><a class=\"wp-block-button__link wp-element-button\" href=\"https:\/\/old.jbrplas.com\/es\/get-quote\/\">Obtenga un presupuesto<\/a><\/div>\n<\/div>\n<\/div>\n\n\n\n<div class=\"wp-block-greenshift-blocks-row gspb_row gspb_row-id-gsbp-89dbe746-d3d6 gspb_row--gutter-custom-0\" id=\"gspb_row-id-gsbp-89dbe746-d3d6\"><div class=\"gspb_row__content\"> \n<div class=\"wp-block-greenshift-blocks-row-column gspb_row__col--6 gspb_row__col--md-12 gspb_col-id-gsbp-b0d0ad9a-a730\" id=\"gspb_col-id-gsbp-b0d0ad9a-a730\"><div class=\"gspb_backgroundOverlay\"><\/div>\n<div class=\"wp-block-greenshift-blocks-container gspb_container gspb_container-gsbp-205cb9d1-0713\" id=\"gspb_container-id-gsbp-205cb9d1-0713\">\n<div class=\"wp-block-greenshift-blocks-iconbox gspb_iconBox gspb_iconBox-id-gsbp-f5a2e10d-8f31\" id=\"gspb_iconBox-id-gsbp-f5a2e10d-8f31\"><div class=\"gspb_iconBox__wrapper\" style=\"display:inline-flex\"><svg class=\"\" style=\"display:inline-block;vertical-align:middle\" width=\"72\" height=\"72\" viewbox=\"0 0 1024 1024\" xmlns=\"http:\/\/www.w3.org\/2000\/svg\"><path style=\"fill:#565D66\" d=\"M871.696 166.932l-526.088 526.088-193.304-193.304c-9.372-9.372-24.568-9.372-33.942 0l-56.568 56.568c-9.372 9.372-9.372 24.568 0 33.942l266.842 266.842c9.372 9.372 24.568 9.372 33.942 0l599.626-599.626c9.372-9.372 9.372-24.568 0-33.942l-56.568-56.568c-9.372-9.372-24.568-9.372-33.94 0z\"><\/path><\/svg><\/div><\/div>\n\n\n\n<div class=\"wp-block-greenshift-blocks-container gspb_container gspb_container-gsbp-72405c67-0113\" id=\"gspb_container-id-gsbp-72405c67-0113\">\n<h4 id=\"gspb_heading-id-gsbp-2b155729-67da\" class=\"gspb_heading gspb_heading-id-gsbp-2b155729-67da\"><strong>Sistema de respuesta r\u00e1pida<\/strong><\/h4>\n\n\n\n<div id=\"gspb_text-id-gsbp-6690fcff-fa8f\" class=\"gspb_text gspb_text-id-gsbp-6690fcff-fa8f\">Equipo de ingenier\u00eda de 50 personas |\u00a0<strong>Presupuestos preliminares en 48 horas<\/strong>\u00a0|\u00a0<strong>72 horas de retroalimentaci\u00f3n DFM<\/strong><\/div>\n<\/div>\n<\/div>\n\n\n\n<div class=\"wp-block-greenshift-blocks-container gspb_container gspb_container-gsbp-2ec6f487-95db\" id=\"gspb_container-id-gsbp-2ec6f487-95db\">\n<div class=\"wp-block-greenshift-blocks-iconbox gspb_iconBox gspb_iconBox-id-gsbp-cc3a33c9-8edd\" id=\"gspb_iconBox-id-gsbp-cc3a33c9-8edd\"><div class=\"gspb_iconBox__wrapper\" style=\"display:inline-flex\"><svg class=\"\" style=\"display:inline-block;vertical-align:middle\" width=\"72\" height=\"72\" viewbox=\"0 0 1024 1024\" xmlns=\"http:\/\/www.w3.org\/2000\/svg\"><path style=\"fill:#565D66\" d=\"M871.696 166.932l-526.088 526.088-193.304-193.304c-9.372-9.372-24.568-9.372-33.942 0l-56.568 56.568c-9.372 9.372-9.372 24.568 0 33.942l266.842 266.842c9.372 9.372 24.568 9.372 33.942 0l599.626-599.626c9.372-9.372 9.372-24.568 0-33.942l-56.568-56.568c-9.372-9.372-24.568-9.372-33.94 0z\"><\/path><\/svg><\/div><\/div>\n\n\n\n<div class=\"wp-block-greenshift-blocks-container gspb_container gspb_container-gsbp-768b0ba8-24c3\" id=\"gspb_container-id-gsbp-768b0ba8-24c3\">\n<h4 id=\"gspb_heading-id-gsbp-633b67c8-0025\" class=\"gspb_heading gspb_heading-id-gsbp-633b67c8-0025\"><strong>Control de fabricaci\u00f3n vertical<\/strong><\/h4>\n\n\n\n<div id=\"gspb_text-id-gsbp-690b8d67-6d7e\" class=\"gspb_text gspb_text-id-gsbp-690b8d67-6d7e\"><strong>\u25b6 Taller de moldes con 45 operarios: Gesti\u00f3n del proceso completo (CNC\/EDM\/<strong>Electroerosi\u00f3n por hilo<\/strong>)<\/strong><br><strong>\u25b6 Trazabilidad del material: Certificados originales de acero con cada molde<\/strong><\/div>\n<\/div>\n<\/div>\n\n\n\n<div class=\"wp-block-greenshift-blocks-container gspb_container gspb_container-gsbp-a53269d4-852d\" id=\"gspb_container-id-gsbp-a53269d4-852d\">\n<div class=\"wp-block-greenshift-blocks-iconbox gspb_iconBox gspb_iconBox-id-gsbp-b82828b4-85c7\" id=\"gspb_iconBox-id-gsbp-b82828b4-85c7\"><div class=\"gspb_iconBox__wrapper\" style=\"display:inline-flex\"><svg class=\"\" style=\"display:inline-block;vertical-align:middle\" width=\"72\" height=\"72\" viewbox=\"0 0 1024 1024\" xmlns=\"http:\/\/www.w3.org\/2000\/svg\"><path style=\"fill:#565D66\" d=\"M871.696 166.932l-526.088 526.088-193.304-193.304c-9.372-9.372-24.568-9.372-33.942 0l-56.568 56.568c-9.372 9.372-9.372 24.568 0 33.942l266.842 266.842c9.372 9.372 24.568 9.372 33.942 0l599.626-599.626c9.372-9.372 9.372-24.568 0-33.942l-56.568-56.568c-9.372-9.372-24.568-9.372-33.94 0z\"><\/path><\/svg><\/div><\/div>\n\n\n\n<div class=\"wp-block-greenshift-blocks-container gspb_container gspb_container-gsbp-bf585485-d8b3\" id=\"gspb_container-id-gsbp-bf585485-d8b3\">\n<h4 id=\"gspb_heading-id-gsbp-45afbde1-78c3\" class=\"gspb_heading gspb_heading-id-gsbp-45afbde1-78c3\"><strong>Experiencia en exportaci\u00f3n occidental<\/strong><\/h4>\n\n\n\n<div id=\"gspb_text-id-gsbp-12c9ce3b-8589\" class=\"gspb_text gspb_text-id-gsbp-12c9ce3b-8589\">Dominio de la documentaci\u00f3n de exportaci\u00f3n (manuales de moldes\/listas de embalaje\/informes de materiales)<br><strong>Cajas de madera amortiguadoras + embalaje antioxidante VCI<\/strong>\u00a0(Cumple con las normas de transporte mar\u00edtimo internacional)<br>M\u00e1s de 30 a\u00f1os exportando moldes a\u00a0<strong>Instalaciones en EE.UU.\/UE<\/strong><\/div>\n<\/div>\n<\/div>\n<\/div>\n\n\n\n<div class=\"wp-block-greenshift-blocks-row-column gspb_row__col--6 gspb_row__col--md-12 gspb_col-id-gsbp-05ad8cbc-c661\" id=\"gspb_col-id-gsbp-05ad8cbc-c661\">\n<h2 id=\"gspb_heading-id-gsbp-166c42b4-75bb\" class=\"gspb_heading gspb_heading-id-gsbp-166c42b4-75bb\">Nuestras instalaciones<\/h2>\n\n\n\n<div id=\"gspb_text-id-gsbp-7d6f68a4-3f40\" class=\"gspb_text gspb_text-id-gsbp-7d6f68a4-3f40\"><strong>10.000\u33a1 Base manufacturera<\/strong>: Equipada con tecnolog\u00eda punta.<\/div>\n\n\n\n<div id=\"gspb_text-id-gsbp-a683211\" class=\"gspb_text gspb_text-id-gsbp-a683211\"><strong>Equipamiento clave<\/strong>:<\/div>\n\n\n\n<figure class=\"wp-block-table is-style-stripes\"><table><thead><tr><th>Categor\u00eda<\/th><th>Especificaciones<\/th><\/tr><\/thead><tbody><tr><td>Mecanizado CNC<\/td><td>7 juegos de centros CNC de alta velocidad (hasta 2200\u00d71600\u00d7800 mm, precisi\u00f3n de \u00b10,003 mm).<\/td><\/tr><tr><td>EDM<\/td><td>Electroerosi\u00f3n por espejo (acabado superficial Ra 0,2\u03bcm) para geometr\u00edas complejas.<\/td><\/tr><tr><td>Moldeo por inyecci\u00f3n<\/td><td>M\u00e1quinas de 100T a 470T, compatibles con materiales como ABS, PC, PA66+GF y TPE.<\/td><\/tr><tr><td>Control de calidad<\/td><td>Esc\u00e1neres 3D (\u00b10,001 mm), MMC y documentaci\u00f3n completa de trazabilidad.<\/td><\/tr><\/tbody><\/table><\/figure>\n\n\n\n<div class=\"gspb_button_wrapper gspb_button-id-gsbp-469772ff-f326\" id=\"gspb_button-id-gsbp-469772ff-f326\"><a class=\"wp-block-greenshift-blocks-buttonbox gspb-buttonbox wp-element-button\" rel=\"noopener\"><span class=\"gspb-buttonbox-textwrap\"><span class=\"gspb-buttonbox-text\"><span class=\"gspb-buttonbox-title\">M\u00e1s informaci\u00f3n<\/span><\/span><\/span><\/a><\/div>\n<\/div>\n <\/div><\/div>","protected":false},"excerpt":{"rendered":"","protected":false},"author":1,"featured_media":0,"parent":0,"menu_order":0,"comment_status":"closed","ping_status":"closed","template":"","meta":{"_gspb_post_css":"#gspb_row-id-gsbp-48f70a6,#gspb_row-id-gsbp-48f70a6>.gspb_row__content{justify-content:space-between;display:flex;flex-wrap:wrap;margin:40px 100px 80px}#gspb_row-id-gsbp-48f70a6>.gspb_row__content{margin:0 auto;width:100%}div[id^=gspb_col-id]{box-sizing:border-box;position:relative;padding:var(--gs-row-column-padding, 15px min(3vw, 20px))}@media (max-width:575.98px){#gspb_row-id-gsbp-48f70a6{margin:0}}#gspb_col-id-gsbp-22b998d.gspb_row__col--12{width:100%}@media (max-width:575.98px){#gspb_col-id-gsbp-22b998d.gspb_row__col--12{width:100%}}#gspb_row-id-gsbp-7f81b7c3-ba5b{justify-content:space-between;margin-top:0;display:flex;flex-wrap:wrap;margin-bottom:0;padding-top:80px;padding-bottom:80px}#gspb_row-id-gsbp-7f81b7c3-ba5b>.gspb_row__content{display:flex;justify-content:space-between;margin:0 auto;width:100%;flex-wrap:wrap}@media (max-width:991.98px){#gspb_row-id-gsbp-7f81b7c3-ba5b>.gspb_row__content{row-gap:70px}}body.gspb-bodyfront #gspb_row-id-gsbp-48f70a6>.gspb_row__content,body.gspb-bodyfront #gspb_row-id-gsbp-7f81b7c3-ba5b>.gspb_row__content{width:var(--theme-container-width, 1200px);max-width:var(--theme-normal-container-max-width, 1200px)}@media (max-width:991.98px){#gspb_row-id-gsbp-7f81b7c3-ba5b{margin-bottom:60px;padding-top:60px;padding-bottom:60px}}#gspb_row-id-gsbp-7f81b7c3-ba5b{background-color:var(--wp--preset--color--palette-color-4, var(--theme-palette-color-4, #000000))}#gspb_row-id-gsbp-7f81b7c3-ba5b,#gspb_row-id-gsbp-7f81b7c3-ba5b>.gspb_backgroundOverlay{border-top-left-radius:2px;border-top-right-radius:2px;border-bottom-right-radius:2px;border-bottom-left-radius:2px}#gspb_col-id-gsbp-3ceef380-e111.gspb_row__col--3{width:calc(25% - 40px)}@media (max-width:991.98px){#gspb_col-id-gsbp-3ceef380-e111.gspb_row__col--3{width:100%}}@media (max-width:767.98px){#gspb_col-id-gsbp-3ceef380-e111.gspb_row__col--3{width:calc(100% - 0px)}}@media (max-width:575.98px){#gspb_col-id-gsbp-3ceef380-e111.gspb_row__col--3{width:100%}}@media (min-width:992px){body.gspb-bodyfront #gspb_col-id-gsbp-3ceef380-e111.gspb_row__col--3{width:calc(45% - 0px - 40px)}}.gspb_row #gspb_col-id-gsbp-3ceef380-e111.gspb_row__col--3,.gspb_row #gspb_col-id-gsbp-5ac62a79-4923.gspb_row__col--9{padding:0}@media (max-width:991.98px){#gspb_image-id-gsbp-047ffbbe-bf77 img{object-fit:cover}}#gspb_image-id-gsbp-047ffbbe-bf77 img{vertical-align:top;display:inline-block;box-sizing:border-box;max-width:100%;border-top-left-radius:2px;border-top-right-radius:2px;border-bottom-right-radius:2px;border-bottom-left-radius:2px;width:100%}#gspb_image-id-gsbp-047ffbbe-bf77{margin-bottom:20px;height:auto}@media (max-width:991.98px){#gspb_image-id-gsbp-047ffbbe-bf77 img{width:custom}}#gspb_image-id-gsbp-047ffbbe-bf77 img{height:auto}@media (max-width:991.98px){#gspb_image-id-gsbp-047ffbbe-bf77,#gspb_image-id-gsbp-047ffbbe-bf77 img{height:500px}}@media (max-width:575.98px){#gspb_image-id-gsbp-047ffbbe-bf77,#gspb_image-id-gsbp-047ffbbe-bf77 img{height:400px}}#gspb_col-id-gsbp-5ac62a79-4923.gspb_row__col--9{width:calc(75% - 40px)}@media (max-width:991.98px){#gspb_col-id-gsbp-5ac62a79-4923.gspb_row__col--9{width:100%}}@media (max-width:767.98px){#gspb_col-id-gsbp-5ac62a79-4923.gspb_row__col--9{width:calc(100% - 0px)}}@media (max-width:575.98px){#gspb_col-id-gsbp-5ac62a79-4923.gspb_row__col--9{width:100%}}@media (min-width:992px){body.gspb-bodyfront #gspb_col-id-gsbp-5ac62a79-4923.gspb_row__col--9{width:calc(55% - 0px - 40px)}}#gspb_heading-id-gsbp-74909e3{font-size:50px;line-height:1.3em;color:var(--wp--preset--color--palette-color-10, var(--theme-palette-color-10, #ffffff));margin-top:0;margin-bottom:0}#gspb_heading-id-gsbp-4b5ac18,#gspb_heading-id-gsbp-4b5ac18 .gsap-g-line,.gspb_text-id-gsbp-f578991,.gspb_text-id-gsbp-f578991 .gsap-g-line{text-align:center!important}#gspb_heading-id-gsbp-4b5ac18{margin-bottom:0}.gspb_text-id-gsbp-f578991{margin-bottom:0!important}#gspb_row-id-gsbp-89dbe746-d3d6,#gspb_row-id-gsbp-89ee519,#gspb_row-id-gsbp-89ee519>.gspb_row__content{justify-content:space-between;display:flex;flex-wrap:wrap}#gspb_row-id-gsbp-89ee519{margin-top:0;margin-bottom:0}#gspb_row-id-gsbp-89ee519>.gspb_row__content{margin:0 auto;width:100%}.gspb_row{position:relative}#gspb_col-id-gsbp-d4266e6.gspb_row__col--3{width:25%}@media (max-width:575.98px){#gspb_col-id-gsbp-d4266e6.gspb_row__col--3{width:100%}}#gspb_col-id-gsbp-891e158.gspb_row__col--3{width:25%}@media (max-width:575.98px){#gspb_col-id-gsbp-891e158.gspb_row__col--3{width:100%}}#gspb_col-id-gsbp-ed43719.gspb_row__col--3{width:25%}@media (max-width:575.98px){#gspb_col-id-gsbp-ed43719.gspb_row__col--3{width:100%}}#gspb_col-id-gsbp-3bf2f0d.gspb_row__col--3{width:25%}@media (max-width:575.98px){#gspb_col-id-gsbp-3bf2f0d.gspb_row__col--3{width:100%}}#gspb_row-id-gsbp-89dbe746-d3d6>.gspb_row__content{display:flex;justify-content:space-between;margin:0 auto;width:100%;flex-wrap:wrap}@media (max-width:991.98px){#gspb_row-id-gsbp-89dbe746-d3d6>.gspb_row__content{row-gap:50px}}body.gspb-bodyfront #gspb_row-id-gsbp-89dbe746-d3d6>.gspb_row__content,body.gspb-bodyfront #gspb_row-id-gsbp-89ee519>.gspb_row__content{width:var(--theme-container-width, 1200px);max-width:var(--theme-normal-container-max-width, 1200px)}#gspb_row-id-gsbp-89dbe746-d3d6{margin-top:80px;margin-bottom:80px}#gspb_col-id-gsbp-b0d0ad9a-a730.gspb_row__col--6{width:calc(50% - 25px)}@media (max-width:991.98px){#gspb_col-id-gsbp-b0d0ad9a-a730.gspb_row__col--6{width:100%}}@media (max-width:767.98px){#gspb_col-id-gsbp-b0d0ad9a-a730.gspb_row__col--6{width:calc(100% - 0px)}}@media (max-width:575.98px){#gspb_col-id-gsbp-b0d0ad9a-a730.gspb_row__col--6{width:100%}}.gspb_row #gspb_col-id-gsbp-b0d0ad9a-a730.gspb_row__col--6{padding:40px}@media (max-width:991.98px){.gspb_row #gspb_col-id-gsbp-b0d0ad9a-a730.gspb_row__col--6{padding:30px}}#gspb_col-id-gsbp-b0d0ad9a-a730.gspb_row__col--6>.gspb_backgroundOverlay{position:absolute;top:0;left:0;width:100%;height:100%;z-index:-1;background-color:var(--wp--preset--color--palette-color-5, var(--theme-palette-color-5, #e8ebed));border-top-left-radius:2px;border-top-right-radius:2px;border-bottom-right-radius:2px;border-bottom-left-radius:2px}#gspb_col-id-gsbp-b0d0ad9a-a730.gspb_row__col--6{border-top-left-radius:2px;border-top-right-radius:2px;border-bottom-right-radius:2px;border-bottom-left-radius:2px;isolation:isolate}.gspb_container-id-gsbp-205cb9d1-0713,.gspb_container-id-gsbp-72405c67-0113{flex-direction:column;box-sizing:border-box}#gspb_container-id-gsbp-205cb9d1-0713.gspb_container>p:last-of-type,#gspb_container-id-gsbp-2ec6f487-95db.gspb_container>p:last-of-type,#gspb_container-id-gsbp-72405c67-0113.gspb_container>p:last-of-type,#gspb_container-id-gsbp-768b0ba8-24c3.gspb_container>p:last-of-type,#gspb_container-id-gsbp-a53269d4-852d.gspb_container>p:last-of-type,#gspb_container-id-gsbp-bf585485-d8b3.gspb_container>p:last-of-type{margin-bottom:0}#gspb_container-id-gsbp-205cb9d1-0713.gspb_container{position:relative;display:flex;flex-direction:row;align-items:flex-start;column-gap:20px}@media (max-width:575.98px){#gspb_container-id-gsbp-205cb9d1-0713.gspb_container{flex-direction:column;align-items:center;row-gap:20px}}#gspb_container-id-gsbp-205cb9d1-0713.gspb_container{margin-bottom:50px}#gspb_iconBox-id-gsbp-f5a2e10d-8f31 svg{height:20px!important;width:20px!important;min-width:20px!important;margin:0!important}#gspb_iconBox-id-gsbp-f5a2e10d-8f31{justify-content:center;display:flex}#gspb_iconBox-id-gsbp-f5a2e10d-8f31 svg,#gspb_iconBox-id-gsbp-f5a2e10d-8f31 svg path{fill:var(--wp--preset--color--palette-color-1, var(--theme-palette-color-1, #106abf))!important}#gspb_iconBox-id-gsbp-f5a2e10d-8f31 .gspb_iconBox__wrapper{background-color:var(--wp--preset--color--palette-color-10, var(--theme-palette-color-10, #ffffff));border-radius:50%;padding:15px}#gspb_container-id-gsbp-72405c67-0113.gspb_container{position:relative;margin-bottom:0}#gspb_heading-id-gsbp-2b155729-67da{font-size:20px}@media (max-width:575.98px){#gspb_heading-id-gsbp-2b155729-67da,#gspb_heading-id-gsbp-2b155729-67da .gsap-g-line{text-align:center!important}}#gspb_heading-id-gsbp-2b155729-67da{margin-top:0;margin-bottom:10px}@media (max-width:575.98px){.gspb_text-id-gsbp-6690fcff-fa8f,.gspb_text-id-gsbp-6690fcff-fa8f .gsap-g-line{text-align:center!important}}.gspb_text-id-gsbp-6690fcff-fa8f{margin-top:0!important}.gspb_container-id-gsbp-2ec6f487-95db,.gspb_container-id-gsbp-768b0ba8-24c3{flex-direction:column;box-sizing:border-box}#gspb_container-id-gsbp-2ec6f487-95db.gspb_container{position:relative;display:flex;flex-direction:row;align-items:flex-start;column-gap:20px}@media (max-width:575.98px){#gspb_container-id-gsbp-2ec6f487-95db.gspb_container{flex-direction:column;align-items:center;row-gap:20px}}#gspb_container-id-gsbp-2ec6f487-95db.gspb_container{margin-bottom:50px}#gspb_iconBox-id-gsbp-cc3a33c9-8edd{justify-content:center;display:flex}#gspb_iconBox-id-gsbp-cc3a33c9-8edd svg,#gspb_iconBox-id-gsbp-cc3a33c9-8edd svg path{fill:var(--wp--preset--color--palette-color-1, var(--theme-palette-color-1, #106abf))!important}#gspb_iconBox-id-gsbp-cc3a33c9-8edd .gspb_iconBox__wrapper{background-color:var(--wp--preset--color--palette-color-10, var(--theme-palette-color-10, #ffffff));border-radius:50%;padding:15px}#gspb_container-id-gsbp-768b0ba8-24c3.gspb_container{position:relative}#gspb_heading-id-gsbp-633b67c8-0025{font-size:20px}@media (max-width:575.98px){#gspb_heading-id-gsbp-633b67c8-0025,#gspb_heading-id-gsbp-633b67c8-0025 .gsap-g-line{text-align:center!important}}#gspb_heading-id-gsbp-633b67c8-0025{margin-top:0;margin-bottom:10px}@media (max-width:575.98px){.gspb_text-id-gsbp-690b8d67-6d7e,.gspb_text-id-gsbp-690b8d67-6d7e .gsap-g-line{text-align:center!important}}.gspb_text-id-gsbp-690b8d67-6d7e{margin-top:0!important;margin-bottom:0!important}.gspb_container-id-gsbp-a53269d4-852d,.gspb_container-id-gsbp-bf585485-d8b3{flex-direction:column;box-sizing:border-box}#gspb_container-id-gsbp-a53269d4-852d.gspb_container{position:relative;display:flex;flex-direction:row;align-items:flex-start;column-gap:20px}@media (max-width:575.98px){#gspb_container-id-gsbp-a53269d4-852d.gspb_container{flex-direction:column;align-items:center;row-gap:20px}}#gspb_iconBox-id-gsbp-b82828b4-85c7 svg,#gspb_iconBox-id-gsbp-cc3a33c9-8edd svg{height:20px!important;width:20px!important;min-width:20px!important;margin:0!important}#gspb_iconBox-id-gsbp-b82828b4-85c7{justify-content:center;display:flex}#gspb_iconBox-id-gsbp-b82828b4-85c7 svg,#gspb_iconBox-id-gsbp-b82828b4-85c7 svg path{fill:var(--wp--preset--color--palette-color-1, var(--theme-palette-color-1, #106abf))!important}#gspb_iconBox-id-gsbp-b82828b4-85c7 .gspb_iconBox__wrapper{background-color:var(--wp--preset--color--palette-color-10, var(--theme-palette-color-10, #ffffff));border-radius:50%;padding:15px}#gspb_container-id-gsbp-bf585485-d8b3.gspb_container{position:relative}#gspb_heading-id-gsbp-45afbde1-78c3{font-size:20px}@media (max-width:575.98px){#gspb_heading-id-gsbp-45afbde1-78c3,#gspb_heading-id-gsbp-45afbde1-78c3 .gsap-g-line{text-align:center!important}}#gspb_heading-id-gsbp-45afbde1-78c3{margin-top:0;margin-bottom:10px}@media (max-width:575.98px){.gspb_text-id-gsbp-12c9ce3b-8589,.gspb_text-id-gsbp-12c9ce3b-8589 .gsap-g-line{text-align:center!important}}.gspb_text-id-gsbp-12c9ce3b-8589{margin-top:0!important}#gspb_col-id-gsbp-05ad8cbc-c661.gspb_row__col--6{width:calc(50% - 25px)}@media (max-width:991.98px){#gspb_col-id-gsbp-05ad8cbc-c661.gspb_row__col--6{width:100%}}@media (max-width:767.98px){#gspb_col-id-gsbp-05ad8cbc-c661.gspb_row__col--6{width:calc(100% - 0px)}}@media (max-width:575.98px){#gspb_col-id-gsbp-05ad8cbc-c661.gspb_row__col--6{width:100%}}.gspb_row #gspb_col-id-gsbp-05ad8cbc-c661.gspb_row__col--6{padding:0}#gspb_heading-id-gsbp-166c42b4-75bb{font-size:50px;line-height:1.3em}@media (max-width:991.98px){#gspb_heading-id-gsbp-166c42b4-75bb{font-size:30px}}@media (max-width:575.98px){#gspb_heading-id-gsbp-166c42b4-75bb,#gspb_heading-id-gsbp-166c42b4-75bb .gsap-g-line{text-align:center!important}}#gspb_heading-id-gsbp-166c42b4-75bb{margin-top:0;margin-bottom:20px;max-width:500px}@media (max-width:575.98px){.gspb_text-id-gsbp-7d6f68a4-3f40,.gspb_text-id-gsbp-7d6f68a4-3f40 .gsap-g-line{text-align:center!important}}.gspb_text-id-gsbp-7d6f68a4-3f40{margin-top:0!important;margin-bottom:18px!important}.gspb_text-id-gsbp-a683211{margin-bottom:6px!important}#gspb_button-id-gsbp-469772ff-f326{display:flex;justify-content:flex-start}#gspb_button-id-gsbp-469772ff-f326 .gspb-buttonbox-text{display:flex;flex-direction:column}#gspb_button-id-gsbp-469772ff-f326>.gspb-buttonbox{box-sizing:border-box;margin-top:20px;padding:14px 25px;text-transform:uppercase;font-size:15px;font-weight:600!important}@media (max-width:575.98px){#gspb_button-id-gsbp-469772ff-f326{justify-content:center}}","footnotes":""},"class_list":["post-1474","page","type-page","status-publish","hentry"],"blocksy_meta":{"content_style_source":"inherit","vertical_spacing_source":"custom","content_area_spacing":"none","has_hero_section":"disabled","styles_descriptor":{"styles":{"desktop":"","tablet":"","mobile":""},"google_fonts":[],"version":6}},"aioseo_notices":[],"_links":{"self":[{"href":"https:\/\/old.jbrplas.com\/es\/wp-json\/wp\/v2\/pages\/1474","targetHints":{"allow":["GET"]}}],"collection":[{"href":"https:\/\/old.jbrplas.com\/es\/wp-json\/wp\/v2\/pages"}],"about":[{"href":"https:\/\/old.jbrplas.com\/es\/wp-json\/wp\/v2\/types\/page"}],"author":[{"embeddable":true,"href":"https:\/\/old.jbrplas.com\/es\/wp-json\/wp\/v2\/users\/1"}],"replies":[{"embeddable":true,"href":"https:\/\/old.jbrplas.com\/es\/wp-json\/wp\/v2\/comments?post=1474"}],"version-history":[{"count":15,"href":"https:\/\/old.jbrplas.com\/es\/wp-json\/wp\/v2\/pages\/1474\/revisions"}],"predecessor-version":[{"id":1604,"href":"https:\/\/old.jbrplas.com\/es\/wp-json\/wp\/v2\/pages\/1474\/revisions\/1604"}],"wp:attachment":[{"href":"https:\/\/old.jbrplas.com\/es\/wp-json\/wp\/v2\/media?parent=1474"}],"curies":[{"name":"wp","href":"https:\/\/api.w.org\/{rel}","templated":true}]}}