{"id":1332,"date":"2025-05-20T09:37:54","date_gmt":"2025-05-20T01:37:54","guid":{"rendered":"https:\/\/old.jbrplas.com\/?page_id=1332"},"modified":"2025-05-20T09:37:55","modified_gmt":"2025-05-20T01:37:55","slug":"get-quote","status":"publish","type":"page","link":"https:\/\/old.jbrplas.com\/es\/get-quote\/","title":{"rendered":"Obtener presupuesto"},"content":{"rendered":"<div class=\"wp-block-greenshift-blocks-row gspb_row gspb_row-id-gsbp-7bb8f57b-e514 gspb_row--gutter-custom-0\" id=\"gspb_row-id-gsbp-7bb8f57b-e514\"><div class=\"gspb_row__content\"> \n<div class=\"wp-block-greenshift-blocks-row-column gspb_row__col--8 gspb_col-id-gsbp-f468e625-df3c\" id=\"gspb_col-id-gsbp-f468e625-df3c\">\n<h4 id=\"gspb_heading-id-gsbp-5f71a739-2fe1\" class=\"gspb_heading gspb_heading-id-gsbp-5f71a739-2fe1\">Solicitar m\u00e1s detalles<\/h4>\n\n\n\n<div id=\"gspb_text-id-gsbp-7d6f68a4-3f40\" class=\"gspb_text gspb_text-id-gsbp-7d6f68a4-3f40\">Rellene los datos y nos pondremos en contacto con usted en un plazo de 24-48 horas.<\/div>\n\n\n<div class='fluentform ff-inherit-theme-style fluentform_wrapper_1  ff_guten_block ff_guten_block-1'><form data-form_id=\"1\" id=\"fluentform_1\" class=\"frm-fluent-form fluent_form_1 ff-el-form-top ff_form_instance_1_1 ff-form-loading ffs_inherit_theme\" data-form_instance=\"ff_form_instance_1_1\" method=\"POST\" data-turnstile_key=\"0x4AAAAAAA9HVwkkqIrf-Zc9\" action=\"\" ><fieldset  style=\"border: none!important;margin: 0!important;padding: 0!important;background-color: transparent!important;box-shadow: none!important;outline: none!important; min-inline-size: 100%;\">\n                    <legend class=\"ff_screen_reader_title\" style=\"display: block; margin: 0!important;padding: 0!important;height: 0!important;text-indent: -999999px;width: 0!important;overflow:hidden;\">Obtener presupuesto<\/legend><input type='hidden' name='__fluent_form_embded_post_id' value='1332' \/><input type=\"hidden\" id=\"_fluentform_1_fluentformnonce\" name=\"_fluentform_1_fluentformnonce\" value=\"1bd3ac75d7\" \/><input type=\"hidden\" name=\"_wp_http_referer\" value=\"\/es\/wp-json\/wp\/v2\/pages\/1332\" \/><div data-name=\"ff_cn_id_1\"  class='ff-t-container ff-column-container ff_columns_total_2'><div class='ff-t-cell ff-t-column-1' style='flex-basis: 50%;'><div data-type=\"name-element\" data-name=\"names\" class=\"ff-field_container ff-name-field-wrapper\" ><div class='ff-t-container'><div class='ff-t-cell'><div class='ff-el-group'><div class=\"ff-el-input--label ff-el-is-required asterisk-right\"><label for='ff_1_names_first_name_' id='label_ff_1_names_first_name_' >Nombre<\/label><\/div><div class='ff-el-input--content'><input type=\"text\" name=\"names[first_name]\" id=\"ff_1_names_first_name_\" class=\"ff-el-form-control\" placeholder=\"Nombre\" aria-invalid=\"false\" aria-required=\"true\"><\/div><\/div><\/div><\/div><\/div><\/div><div class='ff-t-cell ff-t-column-2' style='flex-basis: 50%;'><div class='ff-el-group'><div class=\"ff-el-input--label asterisk-right\"><label for='ff_1_input_text' id='label_ff_1_input_text' aria-label=\"Empresa\">Empresa<\/label><\/div><div class='ff-el-input--content'><input type=\"text\" name=\"input_text\" class=\"ff-el-form-control\" data-name=\"input_text\" id=\"ff_1_input_text\"  aria-invalid=\"false\" aria-required=\"false\"><\/div><\/div><\/div><\/div><div data-name=\"ff_cn_id_2\"  class='ff-t-container ff-column-container ff_columns_total_2'><div class='ff-t-cell ff-t-column-1' style='flex-basis: 50%;'><div class='ff-el-group'><div class=\"ff-el-input--label ff-el-is-required asterisk-right\"><label for='ff_1_email' id='label_ff_1_email' aria-label=\"Correo electr\u00f3nico\">Correo electr\u00f3nico<\/label><\/div><div class='ff-el-input--content'><input type=\"email\" name=\"email\" id=\"ff_1_email\" class=\"ff-el-form-control\" placeholder=\"Direcci\u00f3n de correo electr\u00f3nico\" data-name=\"email\"  aria-invalid=\"false\" aria-required=\"true\"><\/div><\/div><\/div><div class='ff-t-cell ff-t-column-2' style='flex-basis: 50%;'><div class='ff-el-group'><div class=\"ff-el-input--label asterisk-right\"><label for='ff_1_phone' id='label_ff_1_phone' aria-label=\"Tel\/Whatsapp\">Tel\/Whatsapp<\/label><\/div><div class='ff-el-input--content'><input name=\"phone\" class=\"ff-el-form-control ff-el-phone\" type=\"tel\" placeholder=\"Por ejemplo, +1 3004005000\" data-name=\"phone\" id=\"ff_1_phone\" inputmode=\"tel\"  aria-invalid='false' aria-required=\"false\"><\/div><\/div><\/div><\/div><div data-name=\"ff_cn_id_3\"  class='ff-t-container ff-column-container ff_columns_total_2'><div class='ff-t-cell ff-t-column-1' style='flex-basis: 50%;'><div class='ff-el-group'><div class=\"ff-el-input--label ff-el-is-required asterisk-right\"><label for='ff_1_input_text_1' id='label_ff_1_input_text_1' aria-label=\"Materiales\">Materiales<\/label><\/div><div class='ff-el-input--content'><input type=\"text\" name=\"input_text_1\" class=\"ff-el-form-control\" placeholder=\"ABS, PP, acero, etc.\" data-name=\"input_text_1\" id=\"ff_1_input_text_1\"  aria-invalid=\"false\" aria-required=\"true\"><\/div><\/div><\/div><div class='ff-t-cell ff-t-column-2' style='flex-basis: 50%;'><div class='ff-el-group'><div class=\"ff-el-input--label ff-el-is-required asterisk-right\"><label for='ff_1_subject' id='label_ff_1_subject' aria-label=\"Cantidad\">Cantidad<\/label><\/div><div class='ff-el-input--content'><input type=\"text\" name=\"subject\" class=\"ff-el-form-control\" placeholder=\"Introduzca la cantidad de su pieza.\" data-name=\"subject\" id=\"ff_1_subject\"  aria-invalid=\"false\" aria-required=\"true\"><\/div><\/div><\/div><\/div><div class='ff-el-group'><div class=\"ff-el-input--label ff-el-is-required asterisk-right\"><label for='ff_1_message' id='label_ff_1_message' aria-label=\"Detalles del proyecto\">Detalles del proyecto<\/label><\/div><div class='ff-el-input--content'><textarea aria-required=\"true\" aria-labelledby=\"label_ff_1_message\" name=\"message\" id=\"ff_1_message\" class=\"ff-el-form-control\" placeholder=\"Proporcione aqu\u00ed m\u00e1s informaci\u00f3n sobre su proyecto, como el tipo de acabado de la superficie, el color, etc.\" rows=\"4\" cols=\"2\" data-name=\"message\" ><\/textarea><\/div><\/div><div class='ff-el-group  ff-dropzone'><div class=\"ff-el-input--label asterisk-right\"><label for='ff_1_file-upload_1' id='label_ff_1_file-upload_1' aria-label=\"Cargue su archivo 3D (.zip, .rar, [ .stp, .step, .x_t ])\">Cargue su archivo 3D (.zip, .rar, [ .stp, .step, .x_t ])<\/label><\/div><div class='ff-el-input--content'><label for='ff_1_file-upload_1' class='ff_file_upload_holder'><span class='ff_upload_btn ff-btn' tabindex='0'>Arrastrar y soltar (o) Elegir archivo<\/span> <input type=\"file\" name=\"file-upload\" id=\"ff_1_file-upload_1\" class=\"ff-el-form-control  ff-screen-reader-element\" data-name=\"file-upload\" multiple=\"1\"  aria-invalid='false' aria-required=\"false\"><\/label><\/div><\/div><div data-name=\"ff_cn_id_4\"  class='ff-t-container ff-column-container ff_columns_total_2'><div class='ff-t-cell ff-t-column-1' style='flex-basis: 50%;'><div class='ff-el-group' ><div class='ff-el-input--content'><div data-fluent_id='1' name='cf-turnstile-response'><div\n\t\tdata-sitekey='0x4AAAAAAA9HVwkkqIrf-Zc9'\n\t\tdata-theme='auto'\n\t\tid='fluentform-turnstile-1-1'\n\t\tclass='ff-el-turnstile cf-turnstile'\n\t\tdata-appearance='always'><\/div><\/div><\/div><\/div><\/div><div class='ff-t-cell ff-t-column-2' style='flex-basis: 50%;'><div class='ff-el-group ff-text-left ff_submit_btn_wrapper ff_submit_btn_wrapper_custom'><button class=\"ff-btn ff-btn-submit ff-btn-md ff_btn_style wpf_has_custom_css\" type=\"submit\" name=\"custom_submit_button-1_1\" data-name=\"custom_submit_button-1_1\"  aria-label=\"Enviar\">Enviar<\/button><style>form.fluent_form_1 .wpf_has_custom_css.ff-btn-submit { background-color:rgba(255, 153, 0, 1);border-color:rgba(255, 153, 0, 1);color:#ffffff;min-width:100%; }form.fluent_form_1 .wpf_has_custom_css.ff-btn-submit:hover { background-color:rgba(255, 132, 0, 1);border-color:rgba(255, 132, 0, 1);color:rgba(0, 0, 0, 1);min-width:100%; } <\/style><\/div><\/div><\/div><\/fieldset><input type=\"hidden\" name=\"trp-form-language\" value=\"es\"\/><\/form><div id='fluentform_1_errors' class='ff-errors-in-stack ff_form_instance_1_1 ff-form-loading_errors ff_form_instance_1_1_errors'><\/div><\/div>            <script type=\"text\/javascript\">\n                window.fluent_form_ff_form_instance_1_1 = {\"id\":\"1\",\"ajaxUrl\":\"https:\\\/\\\/old.jbrplas.com\\\/wp-admin\\\/admin-ajax.php\",\"settings\":{\"layout\":{\"labelPlacement\":\"top\",\"helpMessagePlacement\":\"with_label\",\"errorMessagePlacement\":\"inline\",\"cssClassName\":\"\",\"asteriskPlacement\":\"asterisk-right\"},\"restrictions\":{\"denyEmptySubmission\":{\"enabled\":false}}},\"form_instance\":\"ff_form_instance_1_1\",\"form_id_selector\":\"fluentform_1\",\"rules\":{\"names[first_name]\":{\"required\":{\"value\":true,\"message\":\"This field is required\",\"global\":false,\"global_message\":\"This field is required\"}},\"names[middle_name]\":{\"required\":{\"value\":false,\"message\":\"This field is required\",\"global\":false,\"global_message\":\"This field is required\"}},\"names[last_name]\":{\"required\":{\"value\":false,\"message\":\"This field is required\",\"global\":false,\"global_message\":\"This field is required\"}},\"input_text\":{\"required\":{\"value\":false,\"message\":\"This field is required\",\"global_message\":\"This field is required\",\"global\":true}},\"email\":{\"required\":{\"value\":true,\"message\":\"This field is required\",\"global\":false,\"global_message\":\"This field is required\"},\"email\":{\"value\":true,\"message\":\"This field must contain a valid email\",\"global\":false,\"global_message\":\"This field must contain a valid email\"}},\"phone\":{\"required\":{\"value\":false,\"global\":true,\"message\":\"This field is required\",\"global_message\":\"This field is required\"},\"valid_phone_number\":{\"value\":false,\"global\":true,\"message\":\"Phone number is not valid\",\"global_message\":\"Phone number is not valid\"}},\"input_text_1\":{\"required\":{\"value\":true,\"message\":\"This field is required\",\"global_message\":\"This field is required\",\"global\":true}},\"subject\":{\"required\":{\"value\":true,\"message\":\"This field is required\",\"global\":false,\"global_message\":\"This field is required\"}},\"message\":{\"required\":{\"value\":true,\"message\":\"This field is required\",\"global\":false,\"global_message\":\"This field is required\"}},\"file-upload\":{\"required\":{\"value\":false,\"message\":\"This field is required\",\"global_message\":\"This field is required\",\"global\":true},\"max_file_size\":{\"value\":10485760,\"message\":\"Validation fails for maximum file size\",\"global_message\":\"Validation fails for maximum file size\",\"global\":true,\"_valueFrom\":\"MB\"},\"max_file_count\":{\"value\":\"1\",\"message\":\"Validation fails for maximum file count\",\"global_message\":\"Validation fails for maximum file count\",\"global\":true},\"allowed_file_types\":{\"value\":[\"stp|step|x_t\",\"zip|gz|gzip|rar|7z\",\"stp\"],\"message\":\"Invalid file type\",\"global_message\":\"Invalid file type\",\"global\":true}},\"cf-turnstile-response\":[]},\"debounce_time\":300};\n                            <\/script>\n            \n\n\n<div id=\"gspb_text-id-gsbp-507a513\" class=\"gspb_text gspb_text-id-gsbp-507a513\">Respetamos su privacidad. Aqu\u00ed puede encontrar un ejemplo de acuerdo de confidencialidad. Al enviar este formulario, acepta nuestros t\u00e9rminos y condiciones y nuestra pol\u00edtica de privacidad. Obtenga m\u00e1s informaci\u00f3n sobre los datos que necesitamos para darle un presupuesto exacto. Si tiene alguna pregunta, p\u00f3ngase en contacto con nosotros en info@old.jbrplas.com.<\/div>\n<\/div>\n\n\n\n<div class=\"wp-block-greenshift-blocks-row-column gspb_row__col--4 gspb_col-id-gsbp-c31f481e-d155\" id=\"gspb_col-id-gsbp-c31f481e-d155\">\n<h4 id=\"gspb_heading-id-gsbp-c18a1299-220c\" class=\"gspb_heading gspb_heading-id-gsbp-c18a1299-220c\">Nuestras oficinas<\/h4>\n\n\n\n<h5 id=\"gspb_heading-id-gsbp-8d8cd7cf-2902\" class=\"gspb_heading gspb_heading-id-gsbp-8d8cd7cf-2902\">Shenzhen<\/h5>\n\n\n\n<div id=\"gspb_text-id-gsbp-364d740f-c57c\" class=\"gspb_text gspb_text-id-gsbp-364d740f-c57c\"><strong>Direcci\u00f3n:<\/strong> Buiding 3, Parque Industrial Xin Gang Lian, Pueblo Songgang, Distrito Bao'an, Ciudad de Shenzhen, Provincia de Guangdong,R.P.China ( C\u00f3digo Postal: 518105)<br><strong>Tel\u00e9fono:<\/strong> (86) 755-2706 5898 EXT 809<br><strong>Correo electr\u00f3nico:<\/strong> info@old.jbrplas.com<\/div>\n\n\n\n<h5 id=\"gspb_heading-id-gsbp-5388ade5-8810\" class=\"gspb_heading gspb_heading-id-gsbp-5388ade5-8810\">Hongkong<\/h5>\n\n\n\n<div id=\"gspb_text-id-gsbp-05229c4b-83dd\" class=\"gspb_text gspb_text-id-gsbp-05229c4b-83dd\"><strong>Direcci\u00f3n:<\/strong> Habitaci\u00f3n 201,Hanley House,776-778 Nathan Road, Mongkok, Kowloon, H.K.<br><strong>Tel\u00e9fono:<\/strong> (86) 135 3788 5083<br><strong>Correo electr\u00f3nico:<\/strong> info@j-mold.com<\/div>\n\n\n\n<h5 id=\"gspb_heading-id-gsbp-2971b78a-63a8\" class=\"gspb_heading gspb_heading-id-gsbp-2971b78a-63a8\">Contacte con nosotros<\/h5>\n\n\n\n<div id=\"gspb_text-id-gsbp-867d777b-5be5\" class=\"gspb_text gspb_text-id-gsbp-867d777b-5be5\"><strong>Tel<\/strong>: +86 13537885083<br><strong>Correo electr\u00f3nico<\/strong>: info@old.jbrplas.com<\/div>\n\n\n<\/div>\n <\/div><\/div>\n\n\n\n<p><\/p>","protected":false},"excerpt":{"rendered":"","protected":false},"author":1,"featured_media":0,"parent":0,"menu_order":0,"comment_status":"closed","ping_status":"closed","template":"","meta":{"_gspb_post_css":"#gspb_row-id-gsbp-7bb8f57b-e514{justify-content:space-between;margin-top:0;display:flex;flex-wrap:wrap;margin-bottom:60px}#gspb_row-id-gsbp-7bb8f57b-e514>.gspb_row__content{display:flex;justify-content:space-between;margin:0 auto;width:100%;flex-wrap:wrap}.gspb_row{position:relative}div[id^=gspb_col-id]{box-sizing:border-box;position:relative;padding:var(--gs-row-column-padding, 15px min(3vw, 20px))}body.gspb-bodyfront #gspb_row-id-gsbp-7bb8f57b-e514>.gspb_row__content{width:var(--theme-container-width, 1200px);max-width:var(--theme-normal-container-max-width, 1200px)}#gspb_col-id-gsbp-f468e625-df3c.gspb_row__col--8{width:calc(66.66666666666667% - 25px)}@media (max-width:991.98px){#gspb_col-id-gsbp-f468e625-df3c.gspb_row__col--8{width:calc(66.66666666666667% - 25px)}}@media (max-width:767.98px){#gspb_col-id-gsbp-f468e625-df3c.gspb_row__col--8{width:calc(66.66666666666667% - 25px)}}@media (max-width:575.98px){#gspb_col-id-gsbp-f468e625-df3c.gspb_row__col--8{width:100%}}.gspb_row #gspb_col-id-gsbp-c31f481e-d155.gspb_row__col--4,.gspb_row #gspb_col-id-gsbp-f468e625-df3c.gspb_row__col--8{padding:0}#gspb_heading-id-gsbp-5f71a739-2fe1,#gspb_heading-id-gsbp-c18a1299-220c{font-size:22px;margin-top:0;margin-bottom:25px}.gspb_text-id-gsbp-7d6f68a4-3f40{margin-top:0!important;margin-bottom:50px!important}#gspb_col-id-gsbp-c31f481e-d155.gspb_row__col--4{width:calc(33.333333333333336% - 25px)}@media (max-width:991.98px){#gspb_col-id-gsbp-c31f481e-d155.gspb_row__col--4{width:calc(33.333333333333336% - 25px)}}@media (max-width:767.98px){#gspb_col-id-gsbp-c31f481e-d155.gspb_row__col--4{width:calc(33.333333333333336% - 25px)}}@media (max-width:575.98px){#gspb_col-id-gsbp-c31f481e-d155.gspb_row__col--4{width:100%}}.gspb_text-id-gsbp-05229c4b-83dd,.gspb_text-id-gsbp-364d740f-c57c,.gspb_text-id-gsbp-867d777b-5be5{margin-bottom:30px!important}#gspb_heading-id-gsbp-2971b78a-63a8,#gspb_heading-id-gsbp-5388ade5-8810,#gspb_heading-id-gsbp-8d8cd7cf-2902{font-size:16px;margin-top:0;margin-bottom:5px}","footnotes":""},"class_list":["post-1332","page","type-page","status-publish","hentry"],"blocksy_meta":[],"aioseo_notices":[],"_links":{"self":[{"href":"https:\/\/old.jbrplas.com\/es\/wp-json\/wp\/v2\/pages\/1332","targetHints":{"allow":["GET"]}}],"collection":[{"href":"https:\/\/old.jbrplas.com\/es\/wp-json\/wp\/v2\/pages"}],"about":[{"href":"https:\/\/old.jbrplas.com\/es\/wp-json\/wp\/v2\/types\/page"}],"author":[{"embeddable":true,"href":"https:\/\/old.jbrplas.com\/es\/wp-json\/wp\/v2\/users\/1"}],"replies":[{"embeddable":true,"href":"https:\/\/old.jbrplas.com\/es\/wp-json\/wp\/v2\/comments?post=1332"}],"version-history":[{"count":1,"href":"https:\/\/old.jbrplas.com\/es\/wp-json\/wp\/v2\/pages\/1332\/revisions"}],"predecessor-version":[{"id":1333,"href":"https:\/\/old.jbrplas.com\/es\/wp-json\/wp\/v2\/pages\/1332\/revisions\/1333"}],"wp:attachment":[{"href":"https:\/\/old.jbrplas.com\/es\/wp-json\/wp\/v2\/media?parent=1332"}],"curies":[{"name":"wp","href":"https:\/\/api.w.org\/{rel}","templated":true}]}}