{"id":911,"date":"2025-06-10T11:15:04","date_gmt":"2025-06-10T03:15:04","guid":{"rendered":"https:\/\/startersites.io\/blocksy\/daily-news\/?page_id=3"},"modified":"2025-07-08T18:48:02","modified_gmt":"2025-07-08T10:48:02","slug":"privacy-policy","status":"publish","type":"page","link":"https:\/\/old.jbrplas.com\/de\/privacy-policy\/","title":{"rendered":"Datenschutzbestimmungen"},"content":{"rendered":"<p>Bei JBRplas nehmen wir Ihre Privatsph\u00e4re ernst. Wir verstehen, dass Sie Bedenken haben, wie Ihre personenbezogenen Daten (PII) online verwendet werden. Daher informieren wir Sie in dieser Datenschutzerkl\u00e4rung dar\u00fcber, welche Arten von Daten wir erfassen und wie diese Daten verwendet, gespeichert, gesch\u00fctzt, offengelegt und \u00fcbertragen werden.<\/p>\n\n\n\n<p>Sie haben die Wahl, wie Ihre PII verwendet, gespeichert oder gel\u00f6scht werden sollen. Wenn Sie mit unseren Praktiken in Bezug auf Ihre Daten nicht einverstanden sind, sollten Sie entweder von der Nutzung unserer webbasierten Dienste absehen oder die folgenden Bedingungen und die damit verbundenen Optionen zur Kenntnis nehmen.<\/p>\n\n\n\n<h2 class=\"wp-block-heading\" id=\"what-information-do-we-collect\">Welche Informationen sammeln wir?<\/h2>\n\n\n\n<p><strong>Pers\u00f6nliche Informationen<\/strong><\/p>\n\n\n\n<p>Diese Richtlinie gilt f\u00fcr zwei verschiedene Arten von Informationen, die wir von Ihnen erfassen k\u00f6nnen. Bei der ersten Art handelt es sich um anonyme Informationen, die haupts\u00e4chlich durch die Verwendung von Cookies (siehe unten) gesammelt werden. Auf diese Weise k\u00f6nnen wir den Website-Verkehr verfolgen und umfassende Statistiken \u00fcber unsere Online-Performance erstellen. Diese Daten k\u00f6nnen nicht zur Identifizierung einer bestimmten Person verwendet werden und werden routinem\u00e4\u00dfig nach 14 Monaten von unseren Servern gel\u00f6scht.<\/p>\n\n\n\n<p>Weitere Daten sind pers\u00f6nlich identifizierbare Informationen. Dies ist der Fall, wenn Sie ein Formular ausf\u00fcllen, sich f\u00fcr den Erhalt unseres Newsletters anmelden, auf eine Online-Umfrage antworten oder JBRplas anderweitig beauftragen, Ihnen einen pers\u00f6nlichen Service zu bieten. Zu den Informationen, die wir sammeln, k\u00f6nnen die folgenden geh\u00f6ren, sind aber nicht unbedingt darauf beschr\u00e4nkt:<\/p>\n\n\n\n<ul class=\"wp-block-list\">\n<li>Name<\/li>\n\n\n\n<li>Kontaktinformationen<\/li>\n\n\n\n<li>Informationen zum Unternehmen<\/li>\n\n\n\n<li>Informationen zum Projekt<\/li>\n<\/ul>\n\n\n\n<p>Sie k\u00f6nnen sich jederzeit weigern, pers\u00f6nliche Daten in ein Online-Formular einzugeben. Bitte beachten Sie jedoch, dass Sie dann m\u00f6glicherweise nicht mehr in der Lage sind, einige Bereiche unserer Website zu nutzen und keine Angebote anzufordern oder auf einige unserer Dienstleistungen zuzugreifen.<\/p>\n\n\n\n<h2 class=\"wp-block-heading\" id=\"cookies\">Cookies<\/h2>\n\n\n\n<p>Einige der Daten \u00fcber Ihre Online-Aktivit\u00e4ten werden automatisch mit Hilfe von Cookies erfasst. Ein Cookie ist eine kleine Datei, die eine Zeichenfolge enth\u00e4lt, die von der Website, die Sie besuchen, an Ihren Computer gesendet wird. Dies erm\u00f6glicht es der Website, Ihren Computer in Zukunft wiederzuerkennen und die Art und Weise, wie die Inhalte bereitgestellt werden, entsprechend Ihren gespeicherten Pr\u00e4ferenzen und anderen Informationen zu optimieren.<\/p>\n\n\n\n<p>Die Eigent\u00fcmer einer Website k\u00f6nnen die\u00a0<em>Erstanbieter-Cookies<\/em>die Ihre Interaktion mit ihrer Website verfolgen. Andere Dienstleister verwenden m\u00f6glicherweise so genannte\u00a0<em>Drittanbieter-Cookies<\/em>. Diese k\u00f6nnen zum Zwecke der Werbung, der Bereitstellung interaktiver Inhalte und der netzbasierten Analyse mit Ihren Webaktivit\u00e4ten verkn\u00fcpft werden. Die Parteien, die diese Drittanbieter-Cookies setzen, k\u00f6nnen Ihren Computer sowohl beim Besuch der betreffenden Website als auch beim Besuch anderer Websites erkennen. Bei Star verwenden wir Cookies von Erstanbietern und Drittanbietern, um die Interessen unserer Website-Besucher zu verfolgen und gezielt zu f\u00f6rdern, damit wir Ihnen ein gutes Benutzererlebnis bieten und Ihnen relevante Inhalte und Serviceinformationen liefern k\u00f6nnen.<\/p>\n\n\n\n<p>Google verwendet als Drittanbieter Cookies, um Anzeigen zu schalten, die unsere Website bewerben, und um Analysedaten bereitzustellen. Die Verwendung von Cookies durch Google erm\u00f6glicht die Schaltung von Re-Marketing-Anzeigen f\u00fcr unsere Nutzer auf der Grundlage fr\u00fcherer Besuche auf unserer Website und anderen Websites im Internet. Unsere Verwendung von Google Analytics-Daten ist anonym und kann nicht zur Identifizierung einer Person verwendet werden. Lesen Sie den folgenden Abschnitt \u00fcber die Aktualisierung und den Zugriff auf Ihre Daten, um zu erfahren, wie Sie Ihre Cookie-Einstellungen anpassen k\u00f6nnen.<\/p>\n\n\n\n<h2 class=\"wp-block-heading\" id=\"when-do-we-collect-information\">Wann sammeln wir Informationen?<\/h2>\n\n\n\n<p>Anonyme Informationen \u00fcber Ihre Interaktion mit unserer Website werden gesammelt, wenn Sie die Verwendung von Cookies akzeptieren. Wenn Sie die Verwendung von Cookies ablehnen, werden keine Daten \u00fcber Ihre Interaktion mit unserer Website erfasst.<\/p>\n\n\n\n<p>Pers\u00f6nliche Informationen \u00fcber Sie werden nur gesammelt, wenn Sie ein Formular ausf\u00fcllen und nur mit Ihrer Zustimmung.<\/p>\n\n\n\n<h2 class=\"wp-block-heading\" id=\"how-do-we-use-your-personal-information\">Wie verwenden wir Ihre pers\u00f6nlichen Daten?<\/h2>\n\n\n\n<p>Wir sammeln Informationen von Ihnen oder \u00fcber Sie, damit wir Folgendes tun k\u00f6nnen:<\/p>\n\n\n\n<ul class=\"wp-block-list\">\n<li>Um Ihr Konto sicher zu halten<\/li>\n\n\n\n<li>Um besser auf Ihre Kundendienstanfragen zu reagieren<\/li>\n\n\n\n<li>Um Ihre Transaktionen schnell zu bearbeiten<\/li>\n\n\n\n<li>Um mit Ihnen nach der Korrespondenz (Live-Chat, E-Mail oder Telefonanfragen) in Kontakt zu bleiben<\/li>\n\n\n\n<li>Ihnen ein Online-Erlebnis zu bieten, das auf Ihre Bed\u00fcrfnisse und Interessen zugeschnitten ist<\/li>\n\n\n\n<li>Sie mit ma\u00dfgeschneiderten Informationen \u00fcber unsere Dienstleistungen zu versorgen<\/li>\n\n\n\n<li>Sie mit relevanten Marketinginformationen versorgen<\/li>\n\n\n\n<li>Daten \u00fcber den Website-Verkehr und die Interaktionen auf der Website zu sammeln, um Ihre Erfahrung auf unserer\/unseren Website(s) zu verbessern<\/li>\n\n\n\n<li>Wir k\u00f6nnen auch Dienste von vertrauensw\u00fcrdigen Drittanbietern nutzen, die diese Informationen in unserem Namen verfolgen.<\/li>\n<\/ul>\n\n\n\n<p>Wir verwenden Cookies, um:<\/p>\n\n\n\n<ul class=\"wp-block-list\">\n<li>Behalten Sie den \u00dcberblick \u00fcber Anzeigen<\/li>\n\n\n\n<li>Sammeln von Daten \u00fcber den Website-Verkehr und die Interaktionen auf der Website, um in Zukunft bessere Website-Erlebnisse und -Tools anbieten zu k\u00f6nnen<\/li>\n\n\n\n<li>Wir k\u00f6nnen auch Dienste von vertrauensw\u00fcrdigen Dritten nutzen, die diese Informationen in unserem Namen verfolgen.<\/li>\n<\/ul>\n\n\n\n<p>Sie k\u00f6nnen w\u00e4hlen, ob Ihr Computer Sie jedes Mal warnen soll, wenn ein Cookie gesendet wird, oder ob Sie alle Cookies deaktivieren m\u00f6chten. Sie tun dies \u00fcber Ihre Browsereinstellungen. Da jeder Browser ein wenig anders ist, sollten Sie im Hilfemen\u00fc Ihres Browsers nachsehen, wie Sie Ihre Cookie-Einstellungen \u00e4ndern k\u00f6nnen. Wenn Sie Cookies deaktivieren, funktionieren einige der Funktionen, die Ihre Website effizienter machen, m\u00f6glicherweise nicht richtig.<\/p>\n\n\n\n<h2 class=\"wp-block-heading\" id=\"how-is-this-information-shared\">Wie werden diese Informationen weitergegeben?<\/h2>\n\n\n\n<p>Websites von Drittanbietern<\/p>\n\n\n\n<p>Unsere Website(s) k\u00f6nnen Links zu Websites Dritter wie Facebook, Instagram, Twitter und YouTube enthalten. Diese Drittanbieter-Websites k\u00f6nnen Informationen \u00fcber Sie und Ihre Nutzung ihrer Dienste sammeln und \u00fcbermitteln, einschlie\u00dflich Informationen, die dazu verwendet werden k\u00f6nnen, Sie pers\u00f6nlich zu identifizieren.<\/p>\n\n\n\n<p>JBRplas hat keine Kontrolle \u00fcber die Erfassungspraktiken dieser Drittanbieter-Websites und ist f\u00fcr diese nicht verantwortlich. Ihre Entscheidung, deren Dienste zu nutzen, ist v\u00f6llig freiwillig. Sie sollten sich vergewissern, dass Sie mit der Verwendung und Weitergabe Ihrer Daten durch diese Drittanbieter-Websites einverstanden sind, indem Sie deren Datenschutzrichtlinien lesen und\/oder Ihre Datenschutzeinstellungen direkt auf diesen Drittanbieter-Websites \u00e4ndern, bevor Sie sich f\u00fcr die Nutzung ihrer Dienste entscheiden.<\/p>\n\n\n\n<p>Wir werden Ihre personenbezogenen Daten nicht verkaufen, tauschen oder anderweitig an Dritte weitergeben, es sei denn, wir informieren unsere Nutzer im Voraus dar\u00fcber. Davon ausgenommen sind Website-Hosting-Partner und andere Parteien, die uns beim Betrieb unserer Website(s), bei der Durchf\u00fchrung unserer Gesch\u00e4fte oder bei der Betreuung unserer Nutzer unterst\u00fctzen, sofern diese Parteien sich verpflichten, diese Informationen vertraulich zu behandeln. Wir bieten auf unserer\/unseren Website(s) keine Produkte oder Dienstleistungen Dritter an.<\/p>\n\n\n\n<p>\u00dcbertragen von Daten<\/p>\n\n\n\n<p>JBRplas hat Tochtergesellschaften und Vertriebsb\u00fcros in L\u00e4ndern wie Deutschland, Gro\u00dfbritannien, USA, Australien und Hongkong. Zur Erleichterung unserer globalen Gesch\u00e4ftst\u00e4tigkeit k\u00f6nnen wir Informationen an diese Standorte weitergeben oder \u00fcbertragen, um Ihnen einen hochwertigen Service und Kundendienst zu bieten. Wir haben angemessene Sicherheitsvorkehrungen getroffen, um Ihre pers\u00f6nlichen Daten zu sch\u00fctzen. Alle Mitarbeiter von JBRplas, die Zugang zu Ihren pers\u00f6nlichen Daten haben oder diese nutzen, sind durch vertragliche Vereinbarungen zur Vertraulichkeit und zum Datenschutz gebunden. Diese Datenschutzrichtlinie gilt auch dann, wenn wir personenbezogene Daten in andere L\u00e4nder \u00fcbermitteln.<\/p>\n\n\n\n<p><strong><u>Erzwungene Offenlegung<\/u><\/strong><\/p>\n\n\n\n<p>Wir behalten uns das Recht vor, Ihre pers\u00f6nlichen Daten zu verwenden oder offenzulegen, wenn dies gesetzlich vorgeschrieben ist oder wenn wir vern\u00fcnftigerweise davon ausgehen, dass die Verwendung oder Offenlegung notwendig ist, um unsere Rechte zu sch\u00fctzen, Ihre Sicherheit oder die Sicherheit anderer zu sch\u00fctzen, Betrug zu untersuchen oder einem Gesetz, einem Gerichtsbeschluss oder einem rechtlichen Verfahren nachzukommen.<\/p>\n\n\n\n<h2 class=\"wp-block-heading\" id=\"how-long-do-we-retain-your-information\">Wie lange bewahren wir Ihre Informationen auf?<\/h2>\n\n\n\n<p>Wie lange wir Informationen, die wir \u00fcber Sie sammeln, aufbewahren, h\u00e4ngt von der Art der Informationen ab. Wenn Sie ein Kunde von JBRplas sind oder wenn Sie ein Angebot oder Informationen von JBRplas angefordert haben, k\u00f6nnen wir Ihre pers\u00f6nlichen Daten oder Informationen \u00fcber Ihr Projekt so lange aufbewahren, bis es keinen legitimen gesch\u00e4ftlichen oder rechtlichen Grund mehr daf\u00fcr gibt.<\/p>\n\n\n\n<p>Wenn Sie Ihre Daten vor diesem Zeitpunkt l\u00f6schen lassen m\u00f6chten, kontaktieren Sie uns bitte unter\u00a0<a href=\"mailto:info@old.jbrplas.com\" title=\"\">info@old.jbrplas.com<\/a>\u00a0um die L\u00f6schung zu veranlassen. Wir werden auf Ihre Anfrage zur \u00c4nderung, Korrektur oder L\u00f6schung Ihrer Daten innerhalb eines angemessenen Zeitrahmens reagieren und Sie \u00fcber die von uns ergriffenen Ma\u00dfnahmen informieren.<\/p>\n\n\n\n<p>Die durch die Verwendung von Cookies gesammelten Informationen werden 14 Monate lang gespeichert und bleiben anonym, es sei denn, Sie sind ein JBRplas-Kunde oder haben ein Formular ausgef\u00fcllt. Die Aufbewahrung einiger Daten kann notwendig sein, damit wir unseren gesetzlichen Verpflichtungen nachkommen oder Kundenvertr\u00e4ge gem\u00e4\u00df unseren Gesch\u00e4ftsbedingungen verwalten k\u00f6nnen.<\/p>\n\n\n\n<h2 class=\"wp-block-heading\" id=\"how-to-update-your-information\">Wie Sie Ihre Informationen aktualisieren<\/h2>\n\n\n\n<p>Indem Sie uns Informationen \u00fcbermitteln und\/oder unsere Website(s) nutzen, geben Sie Ihr Einverst\u00e4ndnis, dass alle von Ihnen \u00fcbermittelten Informationen von JBRplas verarbeitet werden d\u00fcrfen. Wenn Sie mit den in dieser Richtlinie beschriebenen Datenpraktiken nicht einverstanden sind, sollten Sie unsere Website(s) nicht nutzen oder die unten stehenden Informationen zum Umgang mit Ihrer Privatsph\u00e4re befolgen.<\/p>\n\n\n\n<p>Wenn Sie Ihre Zustimmung widerrufen und Ihre Daten l\u00f6schen lassen m\u00f6chten, senden Sie uns bitte eine E-Mail an\u00a0<a href=\"mailto:info@old.jbrplas.com\" title=\"\">info@old.jbrplas.com<\/a>\u00a0und wir werden unsere Prozesse befolgen, um Ihre Daten zu l\u00f6schen. Bitte beachten Sie, dass Sie m\u00f6glicherweise auf einige Dienste nicht mehr zugreifen k\u00f6nnen, wenn Sie Ihre Zustimmung zur\u00fcckgezogen haben. Ohne Angaben zu Ihrer Person, Ihrem Unternehmen und Ihrem Projekt k\u00f6nnen wir Ihnen kein Angebot unterbreiten und auch keine Prototyping- oder Fertigungsdienstleistungen in Ihrem Auftrag durchf\u00fchren.<\/p>\n\n\n\n<p>Sie haben das Recht zu entscheiden, ob Sie Cookies akzeptieren oder ablehnen m\u00f6chten. Sie k\u00f6nnen Ihre Cookie-Pr\u00e4ferenzen aus\u00fcben, indem Sie auf das Kontrollfeld Einstellungen oder Pr\u00e4ferenzen Ihres Webbrowsers zugreifen.<\/p>\n\n\n\n<p>Die meisten Internetbrowser sind von Haus aus so eingestellt, dass sie Cookies automatisch akzeptieren. Sie k\u00f6nnen die Datenschutzeinstellungen \u00e4ndern, um Cookies zu blockieren oder Sie zu warnen, wenn Cookies an Ihr Ger\u00e4t gesendet werden. Die Hilfefunktion der meisten Browser enth\u00e4lt Anweisungen dazu, wie Sie Ihren Browser so einstellen k\u00f6nnen, dass er Cookies verwaltet.<\/p>\n\n\n\n<p>Bei jeder elektronischen Korrespondenz, die wir verschicken, haben Sie immer die M\u00f6glichkeit, die Zusendung k\u00fcnftiger Mailings abzulehnen. Wenn Sie der Meinung sind, dass Sie irrt\u00fcmlich Post erhalten haben oder wenn Sie keine Korrespondenz mehr erhalten m\u00f6chten, senden Sie uns eine E-Mail an\u00a0<a href=\"mailto:info@old.jbrplas.com\" title=\"\">info@old.jbrplas.com<\/a>\u00a0um sich abzumelden.<\/p>\n\n\n\n<h2 class=\"wp-block-heading\" id=\"other-information-about-legal-compliance\">Weitere Informationen zur Einhaltung von Gesetzen<\/h2>\n\n\n\n<p>JBRplas ist sich bewusst, dass in den Regionen, in denen wir gesch\u00e4ftlich t\u00e4tig sind oder in denen wir eine aktive digitale Pr\u00e4senz haben, unterschiedliche Gesetze und Vorschriften zum Datenschutz gelten k\u00f6nnen. In allen F\u00e4llen sind wir bestrebt, die h\u00f6chsten Standards ethischer Gesch\u00e4ftspraktiken einzuhalten, und werden in gutem Glauben daran arbeiten, Ihr legitimes Recht auf Privatsph\u00e4re zu sch\u00fctzen.<\/p>\n\n\n\n<p>In \u00dcbereinstimmung mit der CAN-SPAM-Gesetzgebung in den Vereinigten Staaten stimmen wir zu:<strong>&nbsp;<\/strong><\/p>\n\n\n\n<ul class=\"wp-block-list\">\n<li>Verwenden Sie keine falschen oder irref\u00fchrenden Betreffzeilen oder E-Mail-Adressen;<\/li>\n\n\n\n<li>Kennzeichnen Sie Werbebotschaften in angemessener Weise als solche;<\/li>\n\n\n\n<li>Geben Sie die physische Adresse unseres Gesch\u00e4ftssitzes oder Standorts an;<\/li>\n\n\n\n<li>\u00dcberwachen Sie E-Mail-Marketingdienste von Drittanbietern auf Einhaltung der Vorschriften, wo dies m\u00f6glich ist;<\/li>\n\n\n\n<li>Befolgen Sie Abmelde-\/Abbestellungsanfragen schnell;<\/li>\n\n\n\n<li>Erlauben Sie den Benutzern, sich \u00fcber den Link am Ende jeder E-Mail abzumelden.<\/li>\n<\/ul>\n\n\n\n<h2 class=\"wp-block-heading\" id=\"age-restrictions-children-online-privacy-protection-act\">Altersbeschr\u00e4nkungen - Children Online Privacy Protection Act<\/h2>\n\n\n\n<p>Wenn es um die Erfassung pers\u00f6nlicher Daten von Kindern unter 13 Jahren geht, gibt der Children's Online Privacy Protection Act (COPPA) den Eltern die Kontrolle in die Hand. Die Federal Trade Commission und die United States Consumer Protection Agency setzen die COPPA-Regel durch, die festlegt, was Betreiber von Websites und Online-Diensten tun m\u00fcssen, um die Privatsph\u00e4re und Sicherheit von Kindern im Internet zu sch\u00fctzen.<\/p>\n\n\n\n<p>Personen unter 18 Jahren (bzw. dem in Ihrem Land geltenden gesetzlichen Mindestalter) ist es nicht gestattet, JBRplas allein zu nutzen. JBRplas sammelt wissentlich keine pers\u00f6nlichen Daten von Kindern unter 13 Jahren und Kinder unter 13 Jahren d\u00fcrfen sich nicht f\u00fcr ein Konto registrieren oder unsere Dienste nutzen. Wenn Sie glauben, dass ein Kind uns pers\u00f6nliche Daten zur Verf\u00fcgung gestellt hat, kontaktieren Sie uns bitte unter\u00a0<a href=\"mailto:info@old.jbrplas.com\" title=\"\">info@old.jbrplas.com<\/a>. Wenn wir erfahren, dass ein Kind unter 13 Jahren uns pers\u00f6nlich identifizierbare Daten zur Verf\u00fcgung gestellt hat, werden wir diese sofort l\u00f6schen. Wir werben nicht speziell bei Kindern unter 13 Jahren.<\/p>\n\n\n\n<h2 class=\"wp-block-heading\" id=\"consent-declaration\">Zustimmungserkl\u00e4rung&nbsp;<\/h2>\n\n\n\n<p>JBRplas hat unser\u00a0<a href=\"https:\/\/starrapid.com\/consent-declaration\/\">Zustimmungserkl\u00e4rung<\/a>\u00a0Seite, klicken Sie auf den Link, um unsere Einverst\u00e4ndniserkl\u00e4rung f\u00fcr unsere Website zu sehen.<\/p>\n\n\n\n<h2 class=\"wp-block-heading\" id=\"how-to-contact-us\">Wie Sie uns kontaktieren<\/h2>\n\n\n\n<p>Wenn Sie Fragen zu unseren Datenschutzrichtlinien haben oder wenn Sie keine Marketing-E-Mails mehr erhalten m\u00f6chten, k\u00f6nnen Sie uns per E-Mail kontaktieren unter\u00a0<a href=\"mailto:info@old.jbrplas.com\" title=\"\">info@old.jbrplas.com<\/a>\u00a0und wir werden uns bei Ihnen melden.<\/p>\n\n\n\n<p>Sie k\u00f6nnen uns schriftlich kontaktieren unter:<\/p>\n\n\n\n<p>Geb\u00e4ude 3, Xin Gang Lian Industrial Park, Songgang Town, Bao'an District, Shenzhen City, Guangdong Province,P.R.China<\/p>\n\n\n\n<p><a href=\"https:\/\/old.jbrplas.com\/de\/\" title=\"\">Zur\u00fcck zur Startseite<\/a><\/p>","protected":false},"excerpt":{"rendered":"<p>At JBRplas, we take your privacy seriously. We understand you may have concerns about how your Personally Identifiable Information (PII) is being used online, so this Privacy Policy will inform you about what kinds of information we collect and how that information is used, stored, protected, disclosed and transferred. You have choices available to you [&hellip;]<\/p>","protected":false},"author":1,"featured_media":0,"parent":0,"menu_order":0,"comment_status":"closed","ping_status":"closed","template":"","meta":{"_gspb_post_css":"","footnotes":""},"class_list":["post-911","page","type-page","status-publish","hentry"],"blocksy_meta":[],"aioseo_notices":[],"_links":{"self":[{"href":"https:\/\/old.jbrplas.com\/de\/wp-json\/wp\/v2\/pages\/911","targetHints":{"allow":["GET"]}}],"collection":[{"href":"https:\/\/old.jbrplas.com\/de\/wp-json\/wp\/v2\/pages"}],"about":[{"href":"https:\/\/old.jbrplas.com\/de\/wp-json\/wp\/v2\/types\/page"}],"author":[{"embeddable":true,"href":"https:\/\/old.jbrplas.com\/de\/wp-json\/wp\/v2\/users\/1"}],"replies":[{"embeddable":true,"href":"https:\/\/old.jbrplas.com\/de\/wp-json\/wp\/v2\/comments?post=911"}],"version-history":[{"count":4,"href":"https:\/\/old.jbrplas.com\/de\/wp-json\/wp\/v2\/pages\/911\/revisions"}],"predecessor-version":[{"id":1584,"href":"https:\/\/old.jbrplas.com\/de\/wp-json\/wp\/v2\/pages\/911\/revisions\/1584"}],"wp:attachment":[{"href":"https:\/\/old.jbrplas.com\/de\/wp-json\/wp\/v2\/media?parent=911"}],"curies":[{"name":"wp","href":"https:\/\/api.w.org\/{rel}","templated":true}]}}