{"id":1474,"date":"2025-06-30T16:44:42","date_gmt":"2025-06-30T08:44:42","guid":{"rendered":"https:\/\/old.jbrplas.com\/?page_id=1474"},"modified":"2025-08-19T14:59:18","modified_gmt":"2025-08-19T06:59:18","slug":"plastic-injection-molding-service","status":"publish","type":"page","link":"https:\/\/old.jbrplas.com\/de\/plastic-injection-molding-service\/","title":{"rendered":"Kunststoff-Spritzguss-Service"},"content":{"rendered":"<div class=\"wp-block-greenshift-blocks-row gspb_row gspb_row-id-gsbp-48f70a6\" id=\"gspb_row-id-gsbp-48f70a6\"><div class=\"gspb_row__content\"> \n<div class=\"wp-block-greenshift-blocks-row-column gspb_row__col--12 gspb_col-id-gsbp-22b998d\" id=\"gspb_col-id-gsbp-22b998d\">\n<h2 class=\"wp-block-heading has-text-align-center\" id=\"plastic-injection-molding-service\">Kunststoff-Spritzguss-Service<\/h2>\n\n\n\n<p class=\"has-text-align-center\"><strong>Hersteller von spritzgegossenen Kunststoffteilen aus einer Hand<\/strong><\/p>\n\n\n\n<p class=\"has-text-align-center\">30 haitianische Maschinen (100-470T), \u00b10,1mm Toleranzkontrolle, 2-Wochen-Produktion. Spezialisiert auf elektronische Geh\u00e4use und Strukturteile. MOQ 1.000 St\u00fcck, IMD\/Laser\/Texturierungsdienste. Zertifiziert nach ISO 9001.<\/p>\n\n\n\n<div class=\"wp-block-buttons is-content-justification-center is-layout-flex wp-container-core-buttons-is-layout-1 wp-block-buttons-is-layout-flex\">\n<div class=\"wp-block-button\"><a class=\"wp-block-button__link has-text-align-center wp-element-button\" href=\"https:\/\/old.jbrplas.com\/de\/get-quote\/\">Angebot einholen<\/a><\/div>\n<\/div>\n<\/div>\n <\/div><\/div>\n\n\n\n<div class=\"wp-block-greenshift-blocks-row alignfull gspb_row gspb_row-id-gsbp-7f81b7c3-ba5b gspb_row--gutter-custom-0\" id=\"gspb_row-id-gsbp-7f81b7c3-ba5b\"><div class=\"gspb_row__content\"> \n<div class=\"wp-block-greenshift-blocks-row-column gspb_row__col--3 gspb_row__col--md-12 gspb_col-id-gsbp-3ceef380-e111\" id=\"gspb_col-id-gsbp-3ceef380-e111\">\n<div class=\"wp-block-greenshift-blocks-image gspb_image gspb_image-id-gsbp-047ffbbe-bf77\" id=\"gspb_image-id-gsbp-047ffbbe-bf77\"><img decoding=\"async\" src=\"https:\/\/old.jbrplas.com\/wp-content\/uploads\/2025\/04\/jbrplas-molding.webp\" data-src=\"\" alt=\"JBRplas-injection-molding\" loading=\"lazy\" width=\"100%\" height=\"900\"\/><\/div>\n<\/div>\n\n\n\n<div class=\"wp-block-greenshift-blocks-row-column gspb_row__col--9 gspb_row__col--md-12 gspb_col-id-gsbp-5ac62a79-4923\" id=\"gspb_col-id-gsbp-5ac62a79-4923\">\n<h2 id=\"gspb_heading-id-gsbp-74909e3\" class=\"gspb_heading gspb_heading-id-gsbp-74909e3\">Kernkompetenzen<\/h2>\n\n\n\n<ul class=\"wp-block-list\">\n<li class=\"has-palette-color-10-color has-text-color has-link-color wp-elements-2c04dc940d6e24c82f0b68d22870a05e\"><strong>Wir sind hervorragend in<\/strong>\n<ul class=\"wp-block-list\">\n<li>Elektronische Geh\u00e4use (intelligente Ger\u00e4te, Ladeger\u00e4te)<\/li>\n\n\n\n<li>Handgehaltene strukturelle Komponenten (\u00b10,1mm Toleranz)<\/li>\n\n\n\n<li>Transparente nicht-optische Teile<\/li>\n\n\n\n<li>IMD\/Lasergravur\/Ultraschallschwei\u00dfen<\/li>\n<\/ul>\n<\/li>\n\n\n\n<li class=\"has-palette-color-10-color has-text-color has-link-color wp-elements-3f149609b82d6056f0953c83305140f6\"><strong>Nicht unsere Spezialit\u00e4t<\/strong>\n<ul class=\"wp-block-list\">\n<li>Medizinische Formgebung (keine ISO 13485 Zertifizierung)<\/li>\n\n\n\n<li>Optische Linsen\/Ultra-Pr\u00e4zisionsteile<\/li>\n<\/ul>\n<\/li>\n<\/ul>\n<\/div>\n <\/div><\/div>\n\n\n\n<div class=\"wp-block-group is-layout-constrained wp-block-group-is-layout-constrained\" style=\"padding-top:80px\">\n<h2 id=\"gspb_heading-id-gsbp-4b5ac18\" class=\"gspb_heading gspb_heading-id-gsbp-4b5ac18\">Vier einfache Schritte<\/h2>\n\n\n\n<div id=\"gspb_text-id-gsbp-f578991\" class=\"gspb_text gspb_text-id-gsbp-f578991\">P\u00fcnktliche Lieferung von kundenspezifischen Prototypen und Teilen in vier einfachen Schritten<\/div>\n\n\n\n<div class=\"wp-block-greenshift-blocks-row gspb_row gspb_row-id-gsbp-89ee519\" id=\"gspb_row-id-gsbp-89ee519\"><div class=\"gspb_row__content\"> \n<div class=\"wp-block-greenshift-blocks-row-column gspb_row__col--3 gspb_col-id-gsbp-d4266e6\" id=\"gspb_col-id-gsbp-d4266e6\">\n<p style=\"font-size:clamp(14px, 0.875rem + ((1vw - 3.2px) * 0.313), 18px);font-style:normal;font-weight:1000\">Schritt 1: Senden Sie eine 3D-Datei oder Muster<\/p>\n\n\n\n<p>JBRplas akzeptiert diese Dateitypen:<\/p>\n\n\n\n<ul class=\"wp-block-list\">\n<li>STEP (stp)<\/li>\n\n\n\n<li>Parasolid (x_t)<\/li>\n<\/ul>\n\n\n\n<p>Sie k\u00f6nnen uns auch Ihre Muster schicken.<\/p>\n<\/div>\n\n\n\n<div class=\"wp-block-greenshift-blocks-row-column gspb_row__col--3 gspb_col-id-gsbp-891e158\" id=\"gspb_col-id-gsbp-891e158\">\n<p style=\"font-size:clamp(14px, 0.875rem + ((1vw - 3.2px) * 0.313), 18px);font-style:normal;font-weight:1000\">Schritt 2: Erhalten Sie eine Fertigungsanalyse und ein Angebot<\/p>\n\n\n\n<p>Sobald wir Ihre Dateien oder Muster erhalten haben. Wir senden Ihnen den Entwurf f\u00fcr die Herstellbarkeit (DFM) und das Angebot zu.<\/p>\n<\/div>\n\n\n\n<div class=\"wp-block-greenshift-blocks-row-column gspb_row__col--3 gspb_col-id-gsbp-ed43719\" id=\"gspb_col-id-gsbp-ed43719\">\n<p style=\"font-size:clamp(14px, 0.875rem + ((1vw - 3.2px) * 0.313), 18px);font-style:normal;font-weight:1000\">Schritt 3: Ihr Projekt wird hergestellt<\/p>\n\n\n\n<p>Best\u00e4tigen Sie den Auftrag und beginnen Sie mit der Herstellung:<\/p>\n\n\n\n<ul class=\"wp-block-list\">\n<li>CNC-Bearbeitung<\/li>\n\n\n\n<li>Formenbau<\/li>\n\n\n\n<li>Spritzgie\u00dfen<\/li>\n<\/ul>\n<\/div>\n\n\n\n<div class=\"wp-block-greenshift-blocks-row-column gspb_row__col--3 gspb_col-id-gsbp-3bf2f0d\" id=\"gspb_col-id-gsbp-3bf2f0d\">\n<p style=\"font-size:clamp(14px, 0.875rem + ((1vw - 3.2px) * 0.313), 18px);font-style:normal;font-weight:1000\">Schritt 4: Ihr Projekt wird hergestellt<\/p>\n\n\n\n<p>Nach QC und QA sind Ihre Produkte bereit f\u00fcr den Versand:<\/p>\n\n\n\n<p>FedEx, UPS, DHL, TNT, auf dem Seeweg, oder Sie k\u00f6nnen Ihren eigenen Spediteur mit der Abholung der Waren beauftragen.<\/p>\n<\/div>\n <\/div><\/div>\n\n\n\n<div class=\"wp-block-buttons is-content-justification-center is-layout-flex wp-container-core-buttons-is-layout-2 wp-block-buttons-is-layout-flex\">\n<div class=\"wp-block-button\"><a class=\"wp-block-button__link wp-element-button\" href=\"https:\/\/old.jbrplas.com\/de\/get-quote\/\">Angebot einholen<\/a><\/div>\n<\/div>\n<\/div>\n\n\n\n<div class=\"wp-block-greenshift-blocks-row gspb_row gspb_row-id-gsbp-89dbe746-d3d6 gspb_row--gutter-custom-0\" id=\"gspb_row-id-gsbp-89dbe746-d3d6\"><div class=\"gspb_row__content\"> \n<div class=\"wp-block-greenshift-blocks-row-column gspb_row__col--6 gspb_row__col--md-12 gspb_col-id-gsbp-b0d0ad9a-a730\" id=\"gspb_col-id-gsbp-b0d0ad9a-a730\"><div class=\"gspb_backgroundOverlay\"><\/div>\n<div class=\"wp-block-greenshift-blocks-container gspb_container gspb_container-gsbp-205cb9d1-0713\" id=\"gspb_container-id-gsbp-205cb9d1-0713\">\n<div class=\"wp-block-greenshift-blocks-iconbox gspb_iconBox gspb_iconBox-id-gsbp-f5a2e10d-8f31\" id=\"gspb_iconBox-id-gsbp-f5a2e10d-8f31\"><div class=\"gspb_iconBox__wrapper\" style=\"display:inline-flex\"><svg class=\"\" style=\"display:inline-block;vertical-align:middle\" width=\"72\" height=\"72\" viewbox=\"0 0 1024 1024\" xmlns=\"http:\/\/www.w3.org\/2000\/svg\"><path style=\"fill:#565D66\" d=\"M871.696 166.932l-526.088 526.088-193.304-193.304c-9.372-9.372-24.568-9.372-33.942 0l-56.568 56.568c-9.372 9.372-9.372 24.568 0 33.942l266.842 266.842c9.372 9.372 24.568 9.372 33.942 0l599.626-599.626c9.372-9.372 9.372-24.568 0-33.942l-56.568-56.568c-9.372-9.372-24.568-9.372-33.94 0z\"><\/path><\/svg><\/div><\/div>\n\n\n\n<div class=\"wp-block-greenshift-blocks-container gspb_container gspb_container-gsbp-72405c67-0113\" id=\"gspb_container-id-gsbp-72405c67-0113\">\n<h4 id=\"gspb_heading-id-gsbp-2b155729-67da\" class=\"gspb_heading gspb_heading-id-gsbp-2b155729-67da\"><strong>Schnelles Reaktionssystem<\/strong><\/h4>\n\n\n\n<div id=\"gspb_text-id-gsbp-6690fcff-fa8f\" class=\"gspb_text gspb_text-id-gsbp-6690fcff-fa8f\">50-k\u00f6pfiges Ingenieurteam |\u00a0<strong>48-Stunden-Kostenvoranschl\u00e4ge<\/strong>\u00a0|\u00a0<strong>72 Stunden DFM-Feedback<\/strong><\/div>\n<\/div>\n<\/div>\n\n\n\n<div class=\"wp-block-greenshift-blocks-container gspb_container gspb_container-gsbp-2ec6f487-95db\" id=\"gspb_container-id-gsbp-2ec6f487-95db\">\n<div class=\"wp-block-greenshift-blocks-iconbox gspb_iconBox gspb_iconBox-id-gsbp-cc3a33c9-8edd\" id=\"gspb_iconBox-id-gsbp-cc3a33c9-8edd\"><div class=\"gspb_iconBox__wrapper\" style=\"display:inline-flex\"><svg class=\"\" style=\"display:inline-block;vertical-align:middle\" width=\"72\" height=\"72\" viewbox=\"0 0 1024 1024\" xmlns=\"http:\/\/www.w3.org\/2000\/svg\"><path style=\"fill:#565D66\" d=\"M871.696 166.932l-526.088 526.088-193.304-193.304c-9.372-9.372-24.568-9.372-33.942 0l-56.568 56.568c-9.372 9.372-9.372 24.568 0 33.942l266.842 266.842c9.372 9.372 24.568 9.372 33.942 0l599.626-599.626c9.372-9.372 9.372-24.568 0-33.942l-56.568-56.568c-9.372-9.372-24.568-9.372-33.94 0z\"><\/path><\/svg><\/div><\/div>\n\n\n\n<div class=\"wp-block-greenshift-blocks-container gspb_container gspb_container-gsbp-768b0ba8-24c3\" id=\"gspb_container-id-gsbp-768b0ba8-24c3\">\n<h4 id=\"gspb_heading-id-gsbp-633b67c8-0025\" class=\"gspb_heading gspb_heading-id-gsbp-633b67c8-0025\"><strong>Vertikale Fertigungssteuerung<\/strong><\/h4>\n\n\n\n<div id=\"gspb_text-id-gsbp-690b8d67-6d7e\" class=\"gspb_text gspb_text-id-gsbp-690b8d67-6d7e\"><strong>\u25b6 45-Mann-Werkstatt f\u00fcr Formenbau: Vollst\u00e4ndiges Prozessmanagement (CNC\/EDM\/<strong>Drahterodieren<\/strong>)<\/strong><br><strong>\u25b6 R\u00fcckverfolgbarkeit des Materials: Original Stahlzertifikate mit jeder Form<\/strong><\/div>\n<\/div>\n<\/div>\n\n\n\n<div class=\"wp-block-greenshift-blocks-container gspb_container gspb_container-gsbp-a53269d4-852d\" id=\"gspb_container-id-gsbp-a53269d4-852d\">\n<div class=\"wp-block-greenshift-blocks-iconbox gspb_iconBox gspb_iconBox-id-gsbp-b82828b4-85c7\" id=\"gspb_iconBox-id-gsbp-b82828b4-85c7\"><div class=\"gspb_iconBox__wrapper\" style=\"display:inline-flex\"><svg class=\"\" style=\"display:inline-block;vertical-align:middle\" width=\"72\" height=\"72\" viewbox=\"0 0 1024 1024\" xmlns=\"http:\/\/www.w3.org\/2000\/svg\"><path style=\"fill:#565D66\" d=\"M871.696 166.932l-526.088 526.088-193.304-193.304c-9.372-9.372-24.568-9.372-33.942 0l-56.568 56.568c-9.372 9.372-9.372 24.568 0 33.942l266.842 266.842c9.372 9.372 24.568 9.372 33.942 0l599.626-599.626c9.372-9.372 9.372-24.568 0-33.942l-56.568-56.568c-9.372-9.372-24.568-9.372-33.94 0z\"><\/path><\/svg><\/div><\/div>\n\n\n\n<div class=\"wp-block-greenshift-blocks-container gspb_container gspb_container-gsbp-bf585485-d8b3\" id=\"gspb_container-id-gsbp-bf585485-d8b3\">\n<h4 id=\"gspb_heading-id-gsbp-45afbde1-78c3\" class=\"gspb_heading gspb_heading-id-gsbp-45afbde1-78c3\"><strong>Westliche Exportkompetenz<\/strong><\/h4>\n\n\n\n<div id=\"gspb_text-id-gsbp-12c9ce3b-8589\" class=\"gspb_text gspb_text-id-gsbp-12c9ce3b-8589\">Beherrschung der Exportdokumentation (Formhandb\u00fccher\/Packlisten\/Materialberichte)<br><strong>Sto\u00dfd\u00e4mpfende Holzkisten + VCI-Rostschutzverpackung<\/strong>\u00a0(Internationaler Versand konform)<br>30+ Jahre Export von Gussformen nach\u00a0<strong>US\/EU-Einrichtungen<\/strong><\/div>\n<\/div>\n<\/div>\n<\/div>\n\n\n\n<div class=\"wp-block-greenshift-blocks-row-column gspb_row__col--6 gspb_row__col--md-12 gspb_col-id-gsbp-05ad8cbc-c661\" id=\"gspb_col-id-gsbp-05ad8cbc-c661\">\n<h2 id=\"gspb_heading-id-gsbp-166c42b4-75bb\" class=\"gspb_heading gspb_heading-id-gsbp-166c42b4-75bb\">Unsere Einrichtung<\/h2>\n\n\n\n<div id=\"gspb_text-id-gsbp-7d6f68a4-3f40\" class=\"gspb_text gspb_text-id-gsbp-7d6f68a4-3f40\"><strong>10.000\u33a1 Fertigungsbasis<\/strong>: Ausgestattet mit modernster Technologie.<\/div>\n\n\n\n<div id=\"gspb_text-id-gsbp-a683211\" class=\"gspb_text gspb_text-id-gsbp-a683211\"><strong>Wichtigste Ausstattungsmerkmale<\/strong>:<\/div>\n\n\n\n<figure class=\"wp-block-table is-style-stripes\"><table><thead><tr><th>Kategorie<\/th><th>Spezifikationen<\/th><\/tr><\/thead><tbody><tr><td>CNC-Bearbeitung<\/td><td>7 S\u00e4tze von Hochgeschwindigkeits-CNC-Zentren (bis zu 2200\u00d71600\u00d7800mm, \u00b10,003mm Genauigkeit).<\/td><\/tr><tr><td>EDM<\/td><td>Spiegelerodieren (Ra 0,2\u03bcm Oberfl\u00e4cheng\u00fcte) f\u00fcr komplexe Geometrien.<\/td><\/tr><tr><td>Spritzgie\u00dfen<\/td><td>Maschinen von 100T bis 470T, f\u00fcr Materialien wie ABS, PC, PA66+GF und TPE.<\/td><\/tr><tr><td>Qualit\u00e4tskontrolle<\/td><td>3D-Scanner (\u00b10,001 mm), CMM und vollst\u00e4ndige Dokumentation der R\u00fcckverfolgbarkeit.<\/td><\/tr><\/tbody><\/table><\/figure>\n\n\n\n<div class=\"gspb_button_wrapper gspb_button-id-gsbp-469772ff-f326\" id=\"gspb_button-id-gsbp-469772ff-f326\"><a class=\"wp-block-greenshift-blocks-buttonbox gspb-buttonbox wp-element-button\" rel=\"noopener\"><span class=\"gspb-buttonbox-textwrap\"><span class=\"gspb-buttonbox-text\"><span class=\"gspb-buttonbox-title\">Mehr erfahren<\/span><\/span><\/span><\/a><\/div>\n<\/div>\n <\/div><\/div>","protected":false},"excerpt":{"rendered":"","protected":false},"author":1,"featured_media":0,"parent":0,"menu_order":0,"comment_status":"closed","ping_status":"closed","template":"","meta":{"_gspb_post_css":"#gspb_row-id-gsbp-48f70a6,#gspb_row-id-gsbp-48f70a6>.gspb_row__content{justify-content:space-between;display:flex;flex-wrap:wrap;margin:40px 100px 80px}#gspb_row-id-gsbp-48f70a6>.gspb_row__content{margin:0 auto;width:100%}div[id^=gspb_col-id]{box-sizing:border-box;position:relative;padding:var(--gs-row-column-padding, 15px min(3vw, 20px))}@media (max-width:575.98px){#gspb_row-id-gsbp-48f70a6{margin:0}}#gspb_col-id-gsbp-22b998d.gspb_row__col--12{width:100%}@media (max-width:575.98px){#gspb_col-id-gsbp-22b998d.gspb_row__col--12{width:100%}}#gspb_row-id-gsbp-7f81b7c3-ba5b{justify-content:space-between;margin-top:0;display:flex;flex-wrap:wrap;margin-bottom:0;padding-top:80px;padding-bottom:80px}#gspb_row-id-gsbp-7f81b7c3-ba5b>.gspb_row__content{display:flex;justify-content:space-between;margin:0 auto;width:100%;flex-wrap:wrap}@media (max-width:991.98px){#gspb_row-id-gsbp-7f81b7c3-ba5b>.gspb_row__content{row-gap:70px}}body.gspb-bodyfront #gspb_row-id-gsbp-48f70a6>.gspb_row__content,body.gspb-bodyfront #gspb_row-id-gsbp-7f81b7c3-ba5b>.gspb_row__content{width:var(--theme-container-width, 1200px);max-width:var(--theme-normal-container-max-width, 1200px)}@media (max-width:991.98px){#gspb_row-id-gsbp-7f81b7c3-ba5b{margin-bottom:60px;padding-top:60px;padding-bottom:60px}}#gspb_row-id-gsbp-7f81b7c3-ba5b{background-color:var(--wp--preset--color--palette-color-4, var(--theme-palette-color-4, #000000))}#gspb_row-id-gsbp-7f81b7c3-ba5b,#gspb_row-id-gsbp-7f81b7c3-ba5b>.gspb_backgroundOverlay{border-top-left-radius:2px;border-top-right-radius:2px;border-bottom-right-radius:2px;border-bottom-left-radius:2px}#gspb_col-id-gsbp-3ceef380-e111.gspb_row__col--3{width:calc(25% - 40px)}@media (max-width:991.98px){#gspb_col-id-gsbp-3ceef380-e111.gspb_row__col--3{width:100%}}@media (max-width:767.98px){#gspb_col-id-gsbp-3ceef380-e111.gspb_row__col--3{width:calc(100% - 0px)}}@media (max-width:575.98px){#gspb_col-id-gsbp-3ceef380-e111.gspb_row__col--3{width:100%}}@media (min-width:992px){body.gspb-bodyfront #gspb_col-id-gsbp-3ceef380-e111.gspb_row__col--3{width:calc(45% - 0px - 40px)}}.gspb_row #gspb_col-id-gsbp-3ceef380-e111.gspb_row__col--3,.gspb_row #gspb_col-id-gsbp-5ac62a79-4923.gspb_row__col--9{padding:0}@media (max-width:991.98px){#gspb_image-id-gsbp-047ffbbe-bf77 img{object-fit:cover}}#gspb_image-id-gsbp-047ffbbe-bf77 img{vertical-align:top;display:inline-block;box-sizing:border-box;max-width:100%;border-top-left-radius:2px;border-top-right-radius:2px;border-bottom-right-radius:2px;border-bottom-left-radius:2px;width:100%}#gspb_image-id-gsbp-047ffbbe-bf77{margin-bottom:20px;height:auto}@media (max-width:991.98px){#gspb_image-id-gsbp-047ffbbe-bf77 img{width:custom}}#gspb_image-id-gsbp-047ffbbe-bf77 img{height:auto}@media (max-width:991.98px){#gspb_image-id-gsbp-047ffbbe-bf77,#gspb_image-id-gsbp-047ffbbe-bf77 img{height:500px}}@media (max-width:575.98px){#gspb_image-id-gsbp-047ffbbe-bf77,#gspb_image-id-gsbp-047ffbbe-bf77 img{height:400px}}#gspb_col-id-gsbp-5ac62a79-4923.gspb_row__col--9{width:calc(75% - 40px)}@media (max-width:991.98px){#gspb_col-id-gsbp-5ac62a79-4923.gspb_row__col--9{width:100%}}@media (max-width:767.98px){#gspb_col-id-gsbp-5ac62a79-4923.gspb_row__col--9{width:calc(100% - 0px)}}@media (max-width:575.98px){#gspb_col-id-gsbp-5ac62a79-4923.gspb_row__col--9{width:100%}}@media (min-width:992px){body.gspb-bodyfront #gspb_col-id-gsbp-5ac62a79-4923.gspb_row__col--9{width:calc(55% - 0px - 40px)}}#gspb_heading-id-gsbp-74909e3{font-size:50px;line-height:1.3em;color:var(--wp--preset--color--palette-color-10, var(--theme-palette-color-10, #ffffff));margin-top:0;margin-bottom:0}#gspb_heading-id-gsbp-4b5ac18,#gspb_heading-id-gsbp-4b5ac18 .gsap-g-line,.gspb_text-id-gsbp-f578991,.gspb_text-id-gsbp-f578991 .gsap-g-line{text-align:center!important}#gspb_heading-id-gsbp-4b5ac18{margin-bottom:0}.gspb_text-id-gsbp-f578991{margin-bottom:0!important}#gspb_row-id-gsbp-89dbe746-d3d6,#gspb_row-id-gsbp-89ee519,#gspb_row-id-gsbp-89ee519>.gspb_row__content{justify-content:space-between;display:flex;flex-wrap:wrap}#gspb_row-id-gsbp-89ee519{margin-top:0;margin-bottom:0}#gspb_row-id-gsbp-89ee519>.gspb_row__content{margin:0 auto;width:100%}.gspb_row{position:relative}#gspb_col-id-gsbp-d4266e6.gspb_row__col--3{width:25%}@media (max-width:575.98px){#gspb_col-id-gsbp-d4266e6.gspb_row__col--3{width:100%}}#gspb_col-id-gsbp-891e158.gspb_row__col--3{width:25%}@media (max-width:575.98px){#gspb_col-id-gsbp-891e158.gspb_row__col--3{width:100%}}#gspb_col-id-gsbp-ed43719.gspb_row__col--3{width:25%}@media (max-width:575.98px){#gspb_col-id-gsbp-ed43719.gspb_row__col--3{width:100%}}#gspb_col-id-gsbp-3bf2f0d.gspb_row__col--3{width:25%}@media (max-width:575.98px){#gspb_col-id-gsbp-3bf2f0d.gspb_row__col--3{width:100%}}#gspb_row-id-gsbp-89dbe746-d3d6>.gspb_row__content{display:flex;justify-content:space-between;margin:0 auto;width:100%;flex-wrap:wrap}@media (max-width:991.98px){#gspb_row-id-gsbp-89dbe746-d3d6>.gspb_row__content{row-gap:50px}}body.gspb-bodyfront #gspb_row-id-gsbp-89dbe746-d3d6>.gspb_row__content,body.gspb-bodyfront #gspb_row-id-gsbp-89ee519>.gspb_row__content{width:var(--theme-container-width, 1200px);max-width:var(--theme-normal-container-max-width, 1200px)}#gspb_row-id-gsbp-89dbe746-d3d6{margin-top:80px;margin-bottom:80px}#gspb_col-id-gsbp-b0d0ad9a-a730.gspb_row__col--6{width:calc(50% - 25px)}@media (max-width:991.98px){#gspb_col-id-gsbp-b0d0ad9a-a730.gspb_row__col--6{width:100%}}@media (max-width:767.98px){#gspb_col-id-gsbp-b0d0ad9a-a730.gspb_row__col--6{width:calc(100% - 0px)}}@media (max-width:575.98px){#gspb_col-id-gsbp-b0d0ad9a-a730.gspb_row__col--6{width:100%}}.gspb_row #gspb_col-id-gsbp-b0d0ad9a-a730.gspb_row__col--6{padding:40px}@media (max-width:991.98px){.gspb_row #gspb_col-id-gsbp-b0d0ad9a-a730.gspb_row__col--6{padding:30px}}#gspb_col-id-gsbp-b0d0ad9a-a730.gspb_row__col--6>.gspb_backgroundOverlay{position:absolute;top:0;left:0;width:100%;height:100%;z-index:-1;background-color:var(--wp--preset--color--palette-color-5, var(--theme-palette-color-5, #e8ebed));border-top-left-radius:2px;border-top-right-radius:2px;border-bottom-right-radius:2px;border-bottom-left-radius:2px}#gspb_col-id-gsbp-b0d0ad9a-a730.gspb_row__col--6{border-top-left-radius:2px;border-top-right-radius:2px;border-bottom-right-radius:2px;border-bottom-left-radius:2px;isolation:isolate}.gspb_container-id-gsbp-205cb9d1-0713,.gspb_container-id-gsbp-72405c67-0113{flex-direction:column;box-sizing:border-box}#gspb_container-id-gsbp-205cb9d1-0713.gspb_container>p:last-of-type,#gspb_container-id-gsbp-2ec6f487-95db.gspb_container>p:last-of-type,#gspb_container-id-gsbp-72405c67-0113.gspb_container>p:last-of-type,#gspb_container-id-gsbp-768b0ba8-24c3.gspb_container>p:last-of-type,#gspb_container-id-gsbp-a53269d4-852d.gspb_container>p:last-of-type,#gspb_container-id-gsbp-bf585485-d8b3.gspb_container>p:last-of-type{margin-bottom:0}#gspb_container-id-gsbp-205cb9d1-0713.gspb_container{position:relative;display:flex;flex-direction:row;align-items:flex-start;column-gap:20px}@media (max-width:575.98px){#gspb_container-id-gsbp-205cb9d1-0713.gspb_container{flex-direction:column;align-items:center;row-gap:20px}}#gspb_container-id-gsbp-205cb9d1-0713.gspb_container{margin-bottom:50px}#gspb_iconBox-id-gsbp-f5a2e10d-8f31 svg{height:20px!important;width:20px!important;min-width:20px!important;margin:0!important}#gspb_iconBox-id-gsbp-f5a2e10d-8f31{justify-content:center;display:flex}#gspb_iconBox-id-gsbp-f5a2e10d-8f31 svg,#gspb_iconBox-id-gsbp-f5a2e10d-8f31 svg path{fill:var(--wp--preset--color--palette-color-1, var(--theme-palette-color-1, #106abf))!important}#gspb_iconBox-id-gsbp-f5a2e10d-8f31 .gspb_iconBox__wrapper{background-color:var(--wp--preset--color--palette-color-10, var(--theme-palette-color-10, #ffffff));border-radius:50%;padding:15px}#gspb_container-id-gsbp-72405c67-0113.gspb_container{position:relative;margin-bottom:0}#gspb_heading-id-gsbp-2b155729-67da{font-size:20px}@media (max-width:575.98px){#gspb_heading-id-gsbp-2b155729-67da,#gspb_heading-id-gsbp-2b155729-67da .gsap-g-line{text-align:center!important}}#gspb_heading-id-gsbp-2b155729-67da{margin-top:0;margin-bottom:10px}@media (max-width:575.98px){.gspb_text-id-gsbp-6690fcff-fa8f,.gspb_text-id-gsbp-6690fcff-fa8f .gsap-g-line{text-align:center!important}}.gspb_text-id-gsbp-6690fcff-fa8f{margin-top:0!important}.gspb_container-id-gsbp-2ec6f487-95db,.gspb_container-id-gsbp-768b0ba8-24c3{flex-direction:column;box-sizing:border-box}#gspb_container-id-gsbp-2ec6f487-95db.gspb_container{position:relative;display:flex;flex-direction:row;align-items:flex-start;column-gap:20px}@media (max-width:575.98px){#gspb_container-id-gsbp-2ec6f487-95db.gspb_container{flex-direction:column;align-items:center;row-gap:20px}}#gspb_container-id-gsbp-2ec6f487-95db.gspb_container{margin-bottom:50px}#gspb_iconBox-id-gsbp-cc3a33c9-8edd{justify-content:center;display:flex}#gspb_iconBox-id-gsbp-cc3a33c9-8edd svg,#gspb_iconBox-id-gsbp-cc3a33c9-8edd svg path{fill:var(--wp--preset--color--palette-color-1, var(--theme-palette-color-1, #106abf))!important}#gspb_iconBox-id-gsbp-cc3a33c9-8edd .gspb_iconBox__wrapper{background-color:var(--wp--preset--color--palette-color-10, var(--theme-palette-color-10, #ffffff));border-radius:50%;padding:15px}#gspb_container-id-gsbp-768b0ba8-24c3.gspb_container{position:relative}#gspb_heading-id-gsbp-633b67c8-0025{font-size:20px}@media (max-width:575.98px){#gspb_heading-id-gsbp-633b67c8-0025,#gspb_heading-id-gsbp-633b67c8-0025 .gsap-g-line{text-align:center!important}}#gspb_heading-id-gsbp-633b67c8-0025{margin-top:0;margin-bottom:10px}@media (max-width:575.98px){.gspb_text-id-gsbp-690b8d67-6d7e,.gspb_text-id-gsbp-690b8d67-6d7e .gsap-g-line{text-align:center!important}}.gspb_text-id-gsbp-690b8d67-6d7e{margin-top:0!important;margin-bottom:0!important}.gspb_container-id-gsbp-a53269d4-852d,.gspb_container-id-gsbp-bf585485-d8b3{flex-direction:column;box-sizing:border-box}#gspb_container-id-gsbp-a53269d4-852d.gspb_container{position:relative;display:flex;flex-direction:row;align-items:flex-start;column-gap:20px}@media (max-width:575.98px){#gspb_container-id-gsbp-a53269d4-852d.gspb_container{flex-direction:column;align-items:center;row-gap:20px}}#gspb_iconBox-id-gsbp-b82828b4-85c7 svg,#gspb_iconBox-id-gsbp-cc3a33c9-8edd svg{height:20px!important;width:20px!important;min-width:20px!important;margin:0!important}#gspb_iconBox-id-gsbp-b82828b4-85c7{justify-content:center;display:flex}#gspb_iconBox-id-gsbp-b82828b4-85c7 svg,#gspb_iconBox-id-gsbp-b82828b4-85c7 svg path{fill:var(--wp--preset--color--palette-color-1, var(--theme-palette-color-1, #106abf))!important}#gspb_iconBox-id-gsbp-b82828b4-85c7 .gspb_iconBox__wrapper{background-color:var(--wp--preset--color--palette-color-10, var(--theme-palette-color-10, #ffffff));border-radius:50%;padding:15px}#gspb_container-id-gsbp-bf585485-d8b3.gspb_container{position:relative}#gspb_heading-id-gsbp-45afbde1-78c3{font-size:20px}@media (max-width:575.98px){#gspb_heading-id-gsbp-45afbde1-78c3,#gspb_heading-id-gsbp-45afbde1-78c3 .gsap-g-line{text-align:center!important}}#gspb_heading-id-gsbp-45afbde1-78c3{margin-top:0;margin-bottom:10px}@media (max-width:575.98px){.gspb_text-id-gsbp-12c9ce3b-8589,.gspb_text-id-gsbp-12c9ce3b-8589 .gsap-g-line{text-align:center!important}}.gspb_text-id-gsbp-12c9ce3b-8589{margin-top:0!important}#gspb_col-id-gsbp-05ad8cbc-c661.gspb_row__col--6{width:calc(50% - 25px)}@media (max-width:991.98px){#gspb_col-id-gsbp-05ad8cbc-c661.gspb_row__col--6{width:100%}}@media (max-width:767.98px){#gspb_col-id-gsbp-05ad8cbc-c661.gspb_row__col--6{width:calc(100% - 0px)}}@media (max-width:575.98px){#gspb_col-id-gsbp-05ad8cbc-c661.gspb_row__col--6{width:100%}}.gspb_row #gspb_col-id-gsbp-05ad8cbc-c661.gspb_row__col--6{padding:0}#gspb_heading-id-gsbp-166c42b4-75bb{font-size:50px;line-height:1.3em}@media (max-width:991.98px){#gspb_heading-id-gsbp-166c42b4-75bb{font-size:30px}}@media (max-width:575.98px){#gspb_heading-id-gsbp-166c42b4-75bb,#gspb_heading-id-gsbp-166c42b4-75bb .gsap-g-line{text-align:center!important}}#gspb_heading-id-gsbp-166c42b4-75bb{margin-top:0;margin-bottom:20px;max-width:500px}@media (max-width:575.98px){.gspb_text-id-gsbp-7d6f68a4-3f40,.gspb_text-id-gsbp-7d6f68a4-3f40 .gsap-g-line{text-align:center!important}}.gspb_text-id-gsbp-7d6f68a4-3f40{margin-top:0!important;margin-bottom:18px!important}.gspb_text-id-gsbp-a683211{margin-bottom:6px!important}#gspb_button-id-gsbp-469772ff-f326{display:flex;justify-content:flex-start}#gspb_button-id-gsbp-469772ff-f326 .gspb-buttonbox-text{display:flex;flex-direction:column}#gspb_button-id-gsbp-469772ff-f326>.gspb-buttonbox{box-sizing:border-box;margin-top:20px;padding:14px 25px;text-transform:uppercase;font-size:15px;font-weight:600!important}@media (max-width:575.98px){#gspb_button-id-gsbp-469772ff-f326{justify-content:center}}","footnotes":""},"class_list":["post-1474","page","type-page","status-publish","hentry"],"blocksy_meta":{"content_style_source":"inherit","vertical_spacing_source":"custom","content_area_spacing":"none","has_hero_section":"disabled","styles_descriptor":{"styles":{"desktop":"","tablet":"","mobile":""},"google_fonts":[],"version":6}},"aioseo_notices":[],"_links":{"self":[{"href":"https:\/\/old.jbrplas.com\/de\/wp-json\/wp\/v2\/pages\/1474","targetHints":{"allow":["GET"]}}],"collection":[{"href":"https:\/\/old.jbrplas.com\/de\/wp-json\/wp\/v2\/pages"}],"about":[{"href":"https:\/\/old.jbrplas.com\/de\/wp-json\/wp\/v2\/types\/page"}],"author":[{"embeddable":true,"href":"https:\/\/old.jbrplas.com\/de\/wp-json\/wp\/v2\/users\/1"}],"replies":[{"embeddable":true,"href":"https:\/\/old.jbrplas.com\/de\/wp-json\/wp\/v2\/comments?post=1474"}],"version-history":[{"count":15,"href":"https:\/\/old.jbrplas.com\/de\/wp-json\/wp\/v2\/pages\/1474\/revisions"}],"predecessor-version":[{"id":1604,"href":"https:\/\/old.jbrplas.com\/de\/wp-json\/wp\/v2\/pages\/1474\/revisions\/1604"}],"wp:attachment":[{"href":"https:\/\/old.jbrplas.com\/de\/wp-json\/wp\/v2\/media?parent=1474"}],"curies":[{"name":"wp","href":"https:\/\/api.w.org\/{rel}","templated":true}]}}